{"id":194333,"date":"2025-04-28T02:22:23","date_gmt":"2025-04-27T23:22:23","guid":{"rendered":"https:\/\/casutajucariilor.ro\/produs\/vehicul-quad-the-fastest-negru\/"},"modified":"2025-04-22T13:54:14","modified_gmt":"2025-04-22T10:54:14","slug":"vehicul-quad-the-fastest-negru","status":"publish","type":"product","link":"https:\/\/casutajucariilor.ro\/en\/produs\/vehicul-quad-the-fastest-negru\/","title":{"rendered":"Vehicul Quad THE FASTEST Negru"},"content":{"rendered":"<table>\n<tbody>\n<tr>\n<td>Descrieri<\/td>\n<td>Quad THE FASTEST<\/td>\n<\/tr>\n<tr>\n<td><a class=\"def\">Motoare<\/a><\/td>\n<td>25W<\/td>\n<\/tr>\n<tr>\n<td><a class=\"def\">Battery<\/a><\/td>\n<td>6V\/4.5Ah,<\/td>\n<\/tr>\n<tr>\n<td>Wheels<\/td>\n<td>\n<ul class=\"def\">\n<li class=\"def\">Plastic<\/li>\n<li class=\"def\">20 x 10 cm,<\/li>\n<\/ul>\n<\/td>\n<\/tr>\n<tr>\n<td>Gear<\/td>\n<td>\n<ul class=\"def\">\n<li class=\"def\">Fa\u021b\u0103\/Spate<\/li>\n<li class=\"def\">Buton de vitez\u0103 \u00een m\u00e2ner,<\/li>\n<\/ul>\n<\/td>\n<\/tr>\n<tr>\n<td><span>Equipment<\/span><\/td>\n<td><\/td>\n<\/tr>\n<tr>\n<td>Scaun<\/td>\n<td>26 x 13 cm,<\/td>\n<\/tr>\n<tr>\n<td>Specification<\/td>\n<td> <\/td>\n<\/tr>\n<tr>\n<td>Size<\/td>\n<td>\n<ul class=\"def\">\n<li class=\"def\">Length 70 cm,<\/li>\n<li class=\"def\">Width 43 cm,<\/li>\n<li class=\"def\">Height 44cm,<\/li>\n<\/ul>\n<\/td>\n<\/tr>\n<tr>\n<td><span>Greutate Net\u0103<\/span><\/td>\n<td>5,5 Kg,<\/td>\n<\/tr>\n<tr>\n<td><span>Dimensiune Ambalaj<\/span><\/td>\n<td>69 x 42,5 x 29,5 cm,<\/td>\n<\/tr>\n<tr>\n<td><span>Greutate Brut\u0103<\/span><\/td>\n<td>7Kg,<\/td>\n<\/tr>\n<tr>\n<td><span>Capacitate Maxim\u0103<\/span><\/td>\n<td>30 Kg,<\/td>\n<\/tr>\n<tr>\n<td><span>Clearance<\/span><\/td>\n<td>7cm,<\/td>\n<\/tr>\n<tr>\n<td><span>What&#8217;s Included<\/span><\/td>\n<td><\/td>\n<\/tr>\n<tr>\n<td><span>Manual<\/span><span>,<\/span><\/td>\n<\/tr>\n<tr>\n<td><span>Charger,<\/span><\/td>\n<\/tr>\n<\/tbody>\n<\/table>\n<p>____________<\/p>\n<p>RMZb2b | ID: 13365 | Simbol: PA.BRD-2101.CZ | EAN: 5903864952094<\/p>\n<p>Dimensiune: 69x43x29<br \/>\nGreutate: 6.900000<\/p>\n","protected":false},"excerpt":{"rendered":"<p>Descrieri Quad THE FASTEST Motoare 25W Battery 6V\/4.5Ah, Wheels Plastic 20 x 10 cm, Gear Fa\u021b\u0103\/Spate Buton de vitez\u0103 \u00een m\u00e2ner, Equipment Scaun 26 x 13 cm, Specification Size Length 70 cm, Width 43 cm, Height 44cm, Greutate Net\u0103 5,5 Kg, Dimensiune Ambalaj 69 x 42,5 x 29,5 cm, Greutate Brut\u0103 7Kg, Capacitate Maxim\u0103 30<\/p>\n","protected":false},"featured_media":185210,"comment_status":"closed","ping_status":"open","template":"","meta":{"give_campaign_id":0,"_surecart_dashboard_logo_width":"180px","_surecart_dashboard_show_logo":true,"_surecart_dashboard_navigation_orders":true,"_surecart_dashboard_navigation_invoices":true,"_surecart_dashboard_navigation_subscriptions":true,"_surecart_dashboard_navigation_downloads":true,"_surecart_dashboard_navigation_billing":true,"_surecart_dashboard_navigation_account":true,"site-sidebar-layout":"default","site-content-layout":"plain-container","ast-site-content-layout":"full-width-container","site-content-style":"default","site-sidebar-style":"default","ast-global-header-display":"","ast-banner-title-visibility":"","ast-main-header-display":"","ast-hfb-above-header-display":"","ast-hfb-below-header-display":"","ast-hfb-mobile-header-display":"","site-post-title":"","ast-breadcrumbs-content":"","ast-featured-img":"","footer-sml-layout":"","ast-disable-related-posts":"","theme-transparent-header-meta":"default","adv-header-id-meta":"","stick-header-meta":"default","header-above-stick-meta":"","header-main-stick-meta":"","header-below-stick-meta":"","astra-migrate-meta-layouts":"default","ast-page-background-enabled":"default","ast-page-background-meta":{"desktop":{"background-color":"","background-image":"","background-repeat":"repeat","background-position":"center center","background-size":"auto","background-attachment":"scroll","background-type":"","background-media":"","overlay-type":"","overlay-color":"","overlay-opacity":"","overlay-gradient":""},"tablet":{"background-color":"","background-image":"","background-repeat":"repeat","background-position":"center center","background-size":"auto","background-attachment":"scroll","background-type":"","background-media":"","overlay-type":"","overlay-color":"","overlay-opacity":"","overlay-gradient":""},"mobile":{"background-color":"","background-image":"","background-repeat":"repeat","background-position":"center center","background-size":"auto","background-attachment":"scroll","background-type":"","background-media":"","overlay-type":"","overlay-color":"","overlay-opacity":"","overlay-gradient":""}},"ast-content-background-meta":{"desktop":{"background-color":"var(--ast-global-color-5)","background-image":"","background-repeat":"repeat","background-position":"center center","background-size":"auto","background-attachment":"scroll","background-type":"","background-media":"","overlay-type":"","overlay-color":"","overlay-opacity":"","overlay-gradient":""},"tablet":{"background-color":"var(--ast-global-color-5)","background-image":"","background-repeat":"repeat","background-position":"center center","background-size":"auto","background-attachment":"scroll","background-type":"","background-media":"","overlay-type":"","overlay-color":"","overlay-opacity":"","overlay-gradient":""},"mobile":{"background-color":"var(--ast-global-color-5)","background-image":"","background-repeat":"repeat","background-position":"center center","background-size":"auto","background-attachment":"scroll","background-type":"","background-media":"","overlay-type":"","overlay-color":"","overlay-opacity":"","overlay-gradient":""}}},"product_brand":[821],"product_cat":[15],"product_tag":[],"class_list":{"0":"post-194333","1":"product","2":"type-product","3":"status-publish","4":"has-post-thumbnail","6":"product_brand-altele","7":"product_cat-uncategorized","8":"desktop-align-left","9":"tablet-align-left","10":"mobile-align-left","11":"ast-product-gallery-layout-horizontal-slider","12":"ast-product-gallery-with-no-image","13":"ast-product-tabs-layout-accordion","14":"ast-qv-on-image","16":"first","17":"instock","18":"purchasable","19":"product-type-simple"},"acf":[],"_links":{"self":[{"href":"https:\/\/casutajucariilor.ro\/en\/wp-json\/wp\/v2\/product\/194333","targetHints":{"allow":["GET"]}}],"collection":[{"href":"https:\/\/casutajucariilor.ro\/en\/wp-json\/wp\/v2\/product"}],"about":[{"href":"https:\/\/casutajucariilor.ro\/en\/wp-json\/wp\/v2\/types\/product"}],"replies":[{"embeddable":true,"href":"https:\/\/casutajucariilor.ro\/en\/wp-json\/wp\/v2\/comments?post=194333"}],"version-history":[{"count":0,"href":"https:\/\/casutajucariilor.ro\/en\/wp-json\/wp\/v2\/product\/194333\/revisions"}],"wp:featuredmedia":[{"embeddable":true,"href":"https:\/\/casutajucariilor.ro\/en\/wp-json\/wp\/v2\/media\/185210"}],"wp:attachment":[{"href":"https:\/\/casutajucariilor.ro\/en\/wp-json\/wp\/v2\/media?parent=194333"}],"wp:term":[{"taxonomy":"product_brand","embeddable":true,"href":"https:\/\/casutajucariilor.ro\/en\/wp-json\/wp\/v2\/product_brand?post=194333"},{"taxonomy":"product_cat","embeddable":true,"href":"https:\/\/casutajucariilor.ro\/en\/wp-json\/wp\/v2\/product_cat?post=194333"},{"taxonomy":"product_tag","embeddable":true,"href":"https:\/\/casutajucariilor.ro\/en\/wp-json\/wp\/v2\/product_tag?post=194333"}],"curies":[{"name":"wp","href":"https:\/\/api.w.org\/{rel}","templated":true}]}}