{"id":194892,"date":"2025-04-28T02:40:38","date_gmt":"2025-04-27T23:40:38","guid":{"rendered":"https:\/\/casutajucariilor.ro\/produs\/vehicle-excavator-jcb-yellow\/?currency=ron"},"modified":"2025-04-28T02:41:13","modified_gmt":"2025-04-27T23:41:13","slug":"vehicle-excavator-jcb-yellow","status":"publish","type":"product","link":"https:\/\/casutajucariilor.ro\/en\/produs\/vehicle-excavator-jcb-yellow\/","title":{"rendered":"Vehicle Excavator JCB Yellow"},"content":{"rendered":"<table>\n<tbody>\n<tr>\n<td>Description<\/td>\n<td><b>Excavator JCB <\/b><\/td>\n<\/tr>\n<tr>\n<td>Motors<\/td>\n<td>\n<ul class=\"def\">\n<li class=\"def\">2 x 35W<\/li>\n<\/ul>\n<\/td>\n<\/tr>\n<tr>\n<td>Battery<\/td>\n<td>12V\/10Ah,<\/td>\n<\/tr>\n<tr>\n<td>Telecomand\u0103<\/td>\n<td>\n<ul class=\"def\">\n<li class=\"def\">2.4 GHz<\/li>\n<li class=\"def\">3 speeds<\/li>\n<li class=\"def\">Emergency switch STOP<\/li>\n<\/ul>\n<\/td>\n<\/tr>\n<tr>\n<td>Wheels<\/td>\n<td>\n<ul class=\"def\">\n<li class=\"def\">Front: 23&#215;8 cm,<\/li>\n<li class=\"def\">Rear: 27x11cm,<\/li>\n<\/ul>\n<\/td>\n<\/tr>\n<tr>\n<td>Viteze<\/td>\n<td><\/p>\n<ul class=\"def\">\n<li class=\"def\">Slow Start<\/li>\n<li class=\"def\">Viteze \u00eenainte\/\u00eenapoi,<\/li>\n<\/ul>\n<\/td>\n<\/tr>\n<tr>\n<td>Equipment<\/td>\n<td><\/td>\n<\/tr>\n<tr>\n<td>Music<\/td>\n<td>\n<ul class=\"def\">\n<li class=\"def\">Horn<\/li>\n<\/ul>\n<\/td>\n<\/tr>\n<tr>\n<td>Start<\/td>\n<td>One Button Start<\/td>\n<\/tr>\n<tr>\n<td>Scaun<\/td>\n<td><\/p>\n<ul class=\"def\">\n<li class=\"def\">Length 19 cm,<\/li>\n<li class=\"def\">Width 32 cm,<\/li>\n<li class=\"def\">\u00cen\u0103l\u021bime 27cm<\/li>\n<li class=\"def\">Centur\u0103 de siguran\u021b\u0103,<\/li>\n<\/ul>\n<\/td>\n<\/tr>\n<tr>\n<td>Bulldozer<\/td>\n<td>\n<ul>\n<li>Front bulldozer bucket with lowering and lifting and an arm operating in the up\/down plane,<\/li>\n<\/ul>\n<\/td>\n<\/tr>\n<tr>\n<td>Specifications<\/td>\n<td> <\/td>\n<\/tr>\n<tr>\n<td>Size<\/td>\n<td>\n<ul class=\"def\">\n<li class=\"def\">Length (with bulldozer bucket) 130 cm,<\/li>\n<li class=\"def\">Width 60 cm,<\/li>\n<li class=\"def\">\u00cen\u0103l\u021bime 59 cm,<\/li>\n<\/ul>\n<\/td>\n<\/tr>\n<tr>\n<td>Net Weight<\/td>\n<td>16.3 kg,<\/td>\n<\/tr>\n<tr>\n<td>Packing Size<\/td>\n<td>95&#215;58.5x34cm,<\/td>\n<\/tr>\n<tr>\n<td>Gross Weight<\/td>\n<td>20 kg,<\/td>\n<\/tr>\n<tr>\n<td>Maximum Capacity<\/td>\n<td>30 kg,<\/td>\n<\/tr>\n<tr>\n<td>Clearance<\/td>\n<td>12 cm,<\/td>\n<\/tr>\n<tr>\n<td>What&#8217;s Included<\/td>\n<td><\/td>\n<\/tr>\n<tr>\n<td>Manual + Mounting Kit,<\/td>\n<\/tr>\n<tr>\n<td>Charger 12V\/1000 mAh,<\/td>\n<\/tr>\n<\/tbody>\n<\/table>\n<p><strong> <\/strong><\/p>\n<p>____________<\/p>\n<p>RMZb2b | ID: 15411 | Symbol: PA.BDM0960C.ZOL | EAN: 5903864941333<\/p>\n<p>Size: 95x59x34<br \/>\nWeight: 24.640000<\/p>\n","protected":false},"excerpt":{"rendered":"<p>Description Excavator JCB Motors 2 x 35W Battery 12V\/10Ah, Telecomand\u0103 2.4 GHz 3 speeds Emergency switch STOP Wheels Front: 23&#215;8 cm, Rear: 27x11cm, Viteze Slow Start Viteze \u00eenainte\/\u00eenapoi, Equipment Music Horn Start One Button Start Scaun Length 19 cm, Width 32 cm, \u00cen\u0103l\u021bime 27cm Centur\u0103 de siguran\u021b\u0103, Bulldozer Front bulldozer bucket with lowering and lifting<\/p>\n","protected":false},"featured_media":188109,"comment_status":"closed","ping_status":"open","template":"","meta":{"give_campaign_id":0,"_surecart_dashboard_logo_width":"180px","_surecart_dashboard_show_logo":true,"_surecart_dashboard_navigation_orders":true,"_surecart_dashboard_navigation_invoices":true,"_surecart_dashboard_navigation_subscriptions":true,"_surecart_dashboard_navigation_downloads":true,"_surecart_dashboard_navigation_billing":true,"_surecart_dashboard_navigation_account":true,"site-sidebar-layout":"default","site-content-layout":"plain-container","ast-site-content-layout":"full-width-container","site-content-style":"default","site-sidebar-style":"default","ast-global-header-display":"","ast-banner-title-visibility":"","ast-main-header-display":"","ast-hfb-above-header-display":"","ast-hfb-below-header-display":"","ast-hfb-mobile-header-display":"","site-post-title":"","ast-breadcrumbs-content":"","ast-featured-img":"","footer-sml-layout":"","ast-disable-related-posts":"","theme-transparent-header-meta":"default","adv-header-id-meta":"","stick-header-meta":"default","header-above-stick-meta":"","header-main-stick-meta":"","header-below-stick-meta":"","astra-migrate-meta-layouts":"default","ast-page-background-enabled":"default","ast-page-background-meta":{"desktop":{"background-color":"","background-image":"","background-repeat":"repeat","background-position":"center center","background-size":"auto","background-attachment":"scroll","background-type":"","background-media":"","overlay-type":"","overlay-color":"","overlay-opacity":"","overlay-gradient":""},"tablet":{"background-color":"","background-image":"","background-repeat":"repeat","background-position":"center center","background-size":"auto","background-attachment":"scroll","background-type":"","background-media":"","overlay-type":"","overlay-color":"","overlay-opacity":"","overlay-gradient":""},"mobile":{"background-color":"","background-image":"","background-repeat":"repeat","background-position":"center center","background-size":"auto","background-attachment":"scroll","background-type":"","background-media":"","overlay-type":"","overlay-color":"","overlay-opacity":"","overlay-gradient":""}},"ast-content-background-meta":{"desktop":{"background-color":"var(--ast-global-color-5)","background-image":"","background-repeat":"repeat","background-position":"center center","background-size":"auto","background-attachment":"scroll","background-type":"","background-media":"","overlay-type":"","overlay-color":"","overlay-opacity":"","overlay-gradient":""},"tablet":{"background-color":"var(--ast-global-color-5)","background-image":"","background-repeat":"repeat","background-position":"center center","background-size":"auto","background-attachment":"scroll","background-type":"","background-media":"","overlay-type":"","overlay-color":"","overlay-opacity":"","overlay-gradient":""},"mobile":{"background-color":"var(--ast-global-color-5)","background-image":"","background-repeat":"repeat","background-position":"center center","background-size":"auto","background-attachment":"scroll","background-type":"","background-media":"","overlay-type":"","overlay-color":"","overlay-opacity":"","overlay-gradient":""}}},"product_brand":[821],"product_cat":[],"product_tag":[],"class_list":{"0":"post-194892","1":"product","2":"type-product","3":"status-publish","4":"has-post-thumbnail","6":"product_brand-altele","7":"desktop-align-left","8":"tablet-align-left","9":"mobile-align-left","10":"ast-product-gallery-layout-horizontal-slider","11":"ast-product-gallery-with-no-image","12":"ast-product-tabs-layout-accordion","13":"ast-qv-on-image","15":"first","16":"instock","17":"purchasable","18":"product-type-simple"},"acf":[],"_links":{"self":[{"href":"https:\/\/casutajucariilor.ro\/en\/wp-json\/wp\/v2\/product\/194892","targetHints":{"allow":["GET"]}}],"collection":[{"href":"https:\/\/casutajucariilor.ro\/en\/wp-json\/wp\/v2\/product"}],"about":[{"href":"https:\/\/casutajucariilor.ro\/en\/wp-json\/wp\/v2\/types\/product"}],"replies":[{"embeddable":true,"href":"https:\/\/casutajucariilor.ro\/en\/wp-json\/wp\/v2\/comments?post=194892"}],"version-history":[{"count":0,"href":"https:\/\/casutajucariilor.ro\/en\/wp-json\/wp\/v2\/product\/194892\/revisions"}],"wp:featuredmedia":[{"embeddable":true,"href":"https:\/\/casutajucariilor.ro\/en\/wp-json\/wp\/v2\/media\/188109"}],"wp:attachment":[{"href":"https:\/\/casutajucariilor.ro\/en\/wp-json\/wp\/v2\/media?parent=194892"}],"wp:term":[{"taxonomy":"product_brand","embeddable":true,"href":"https:\/\/casutajucariilor.ro\/en\/wp-json\/wp\/v2\/product_brand?post=194892"},{"taxonomy":"product_cat","embeddable":true,"href":"https:\/\/casutajucariilor.ro\/en\/wp-json\/wp\/v2\/product_cat?post=194892"},{"taxonomy":"product_tag","embeddable":true,"href":"https:\/\/casutajucariilor.ro\/en\/wp-json\/wp\/v2\/product_tag?post=194892"}],"curies":[{"name":"wp","href":"https:\/\/api.w.org\/{rel}","templated":true}]}}