{"id":194902,"date":"2025-04-28T02:38:53","date_gmt":"2025-04-27T23:38:53","guid":{"rendered":"https:\/\/casutajucariilor.ro\/produs\/motocicleta-honda-nc750x-albastra\/?currency=ron"},"modified":"2025-04-22T14:13:04","modified_gmt":"2025-04-22T11:13:04","slug":"motocicleta-honda-nc750x-albastra","status":"publish","type":"product","link":"https:\/\/casutajucariilor.ro\/en\/produs\/motocicleta-honda-nc750x-albastra\/","title":{"rendered":"Motociclet\u0103 Honda NC750X Albastr\u0103"},"content":{"rendered":"<table>\n<tbody>\n<tr>\n<td>Specifica\u021bii<\/td>\n<td><b>Honda NC750X<\/b><\/td>\n<\/tr>\n<tr>\n<td><a class=\"def\">Engine<\/a><\/td>\n<td>\n<ul class=\"def\">\n<li class=\"def\">2x35W<\/li>\n<\/ul>\n<\/td>\n<\/tr>\n<tr>\n<td><a class=\"def\">Baterie<\/a><\/td>\n<td>12V4,5Ah,<\/td>\n<\/tr>\n<tr>\n<td>Wheel<\/td>\n<td>\n<ul class=\"def\">\n<li class=\"def\">Plastic wheels with rubber tread,<\/li>\n<li class=\"def\">Diametru: 31 cm,<\/li>\n<li class=\"def\">L\u0103\u021bime: 10 cm,<\/li>\n<\/ul>\n<\/td>\n<\/tr>\n<tr>\n<td>Func\u021bioneaz\u0103<\/td>\n<td>\n<ul class=\"def\">\n<li class=\"def\">Pornire liber\u0103,<\/li>\n<li class=\"def\">Fa\u021b\u0103 spate<\/li>\n<\/ul>\n<\/td>\n<\/tr>\n<tr>\n<td>Light<\/td>\n<td>\n<ul>\n<li>LED <\/li>\n<li>Fa\u021b\u0103<\/li>\n<\/ul>\n<\/td>\n<\/tr>\n<tr>\n<td>Additional equipment<\/td>\n<td>\n<ul class=\"def\">\n<li class=\"def\">Ro\u021bi de suport suplimentare,<\/li>\n<\/ul>\n<\/td>\n<\/tr>\n<tr>\n<td>Equipment<\/td>\n<td><\/td>\n<\/tr>\n<tr>\n<td>Audio Panel<\/td>\n<td>\n<ul>\n<li>sunete,<\/li>\n<li>MP3<\/li>\n<li>AUX,<\/li>\n<li>USB<\/li>\n<li>Bluetooth<\/li>\n<\/ul>\n<\/td>\n<\/tr>\n<tr>\n<td>Start<\/td>\n<td>Switch<\/td>\n<\/tr>\n<tr>\n<td>Scaun<\/td>\n<td>34&#215;19 cm,<\/td>\n<\/tr>\n<tr>\n<td>Dimensions<\/td>\n<td><\/td>\n<\/tr>\n<tr>\n<td>Dimensiunea vehiculului<\/td>\n<td>103x41x74 cm,<\/td>\n<\/tr>\n<tr>\n<td>Greutatea vehiculului<\/td>\n<td>11 kg,<\/td>\n<\/tr>\n<tr>\n<td>Dimensiunea cartonului<\/td>\n<td>90&#215;32,5&#215;53 cm,<\/td>\n<\/tr>\n<tr>\n<td>Greutatea cartonului<\/td>\n<td>13,7 kg,<\/td>\n<\/tr>\n<tr>\n<td>\u00cenc\u0103rc\u0103tura maxim\u0103<\/td>\n<td>35 kg,<\/td>\n<\/tr>\n<tr>\n<td>Garda la sol<\/td>\n<td>10 cm,<\/td>\n<\/tr>\n<tr>\n<td>Additional equipment<\/td>\n<td><\/td>\n<\/tr>\n<tr>\n<td>Instruc\u021biuni + Kit de asamblare,<\/td>\n<\/tr>\n<tr>\n<td>\u00cenc\u0103rc\u0103tor cu diod\u0103 de control al \u00eenc\u0103rc\u0103rii,<\/td>\n<\/tr>\n<\/tbody>\n<\/table>\n<p>____________<\/p>\n<p>RMZb2b | ID: 15393 | Simbol: PA.TR2306.NIE | EAN: 5903864941203<\/p>\n<p>Size: 94x53x33<br \/>\nWeight: 13.230000<\/p>\n","protected":false},"excerpt":{"rendered":"<p>Specifica\u021bii Honda NC750X Engine 2x35W Baterie 12V4,5Ah, Wheel Plastic wheels with rubber tread, Diametru: 31 cm, L\u0103\u021bime: 10 cm, Func\u021bioneaz\u0103 Pornire liber\u0103, Fa\u021b\u0103 spate Light LED Fa\u021b\u0103 Additional equipment Ro\u021bi de suport suplimentare, Equipment Audio Panel sunete, MP3 AUX, USB Bluetooth Start Switch Scaun 34&#215;19 cm, Dimensions Dimensiunea vehiculului 103x41x74 cm, Greutatea vehiculului 11 kg,<\/p>\n","protected":false},"featured_media":187833,"comment_status":"closed","ping_status":"open","template":"","meta":{"give_campaign_id":0,"_surecart_dashboard_logo_width":"180px","_surecart_dashboard_show_logo":true,"_surecart_dashboard_navigation_orders":true,"_surecart_dashboard_navigation_invoices":true,"_surecart_dashboard_navigation_subscriptions":true,"_surecart_dashboard_navigation_downloads":true,"_surecart_dashboard_navigation_billing":true,"_surecart_dashboard_navigation_account":true,"site-sidebar-layout":"default","site-content-layout":"plain-container","ast-site-content-layout":"full-width-container","site-content-style":"default","site-sidebar-style":"default","ast-global-header-display":"","ast-banner-title-visibility":"","ast-main-header-display":"","ast-hfb-above-header-display":"","ast-hfb-below-header-display":"","ast-hfb-mobile-header-display":"","site-post-title":"","ast-breadcrumbs-content":"","ast-featured-img":"","footer-sml-layout":"","ast-disable-related-posts":"","theme-transparent-header-meta":"default","adv-header-id-meta":"","stick-header-meta":"default","header-above-stick-meta":"","header-main-stick-meta":"","header-below-stick-meta":"","astra-migrate-meta-layouts":"default","ast-page-background-enabled":"default","ast-page-background-meta":{"desktop":{"background-color":"","background-image":"","background-repeat":"repeat","background-position":"center center","background-size":"auto","background-attachment":"scroll","background-type":"","background-media":"","overlay-type":"","overlay-color":"","overlay-opacity":"","overlay-gradient":""},"tablet":{"background-color":"","background-image":"","background-repeat":"repeat","background-position":"center center","background-size":"auto","background-attachment":"scroll","background-type":"","background-media":"","overlay-type":"","overlay-color":"","overlay-opacity":"","overlay-gradient":""},"mobile":{"background-color":"","background-image":"","background-repeat":"repeat","background-position":"center center","background-size":"auto","background-attachment":"scroll","background-type":"","background-media":"","overlay-type":"","overlay-color":"","overlay-opacity":"","overlay-gradient":""}},"ast-content-background-meta":{"desktop":{"background-color":"var(--ast-global-color-5)","background-image":"","background-repeat":"repeat","background-position":"center center","background-size":"auto","background-attachment":"scroll","background-type":"","background-media":"","overlay-type":"","overlay-color":"","overlay-opacity":"","overlay-gradient":""},"tablet":{"background-color":"var(--ast-global-color-5)","background-image":"","background-repeat":"repeat","background-position":"center center","background-size":"auto","background-attachment":"scroll","background-type":"","background-media":"","overlay-type":"","overlay-color":"","overlay-opacity":"","overlay-gradient":""},"mobile":{"background-color":"var(--ast-global-color-5)","background-image":"","background-repeat":"repeat","background-position":"center center","background-size":"auto","background-attachment":"scroll","background-type":"","background-media":"","overlay-type":"","overlay-color":"","overlay-opacity":"","overlay-gradient":""}}},"product_brand":[801],"product_cat":[],"product_tag":[],"class_list":{"0":"post-194902","1":"product","2":"type-product","3":"status-publish","4":"has-post-thumbnail","6":"product_brand-honda","7":"desktop-align-left","8":"tablet-align-left","9":"mobile-align-left","10":"ast-product-gallery-layout-horizontal-slider","11":"ast-product-gallery-with-no-image","12":"ast-product-tabs-layout-accordion","13":"ast-qv-on-image","15":"first","16":"instock","17":"purchasable","18":"product-type-simple"},"acf":[],"_links":{"self":[{"href":"https:\/\/casutajucariilor.ro\/en\/wp-json\/wp\/v2\/product\/194902","targetHints":{"allow":["GET"]}}],"collection":[{"href":"https:\/\/casutajucariilor.ro\/en\/wp-json\/wp\/v2\/product"}],"about":[{"href":"https:\/\/casutajucariilor.ro\/en\/wp-json\/wp\/v2\/types\/product"}],"replies":[{"embeddable":true,"href":"https:\/\/casutajucariilor.ro\/en\/wp-json\/wp\/v2\/comments?post=194902"}],"version-history":[{"count":0,"href":"https:\/\/casutajucariilor.ro\/en\/wp-json\/wp\/v2\/product\/194902\/revisions"}],"wp:featuredmedia":[{"embeddable":true,"href":"https:\/\/casutajucariilor.ro\/en\/wp-json\/wp\/v2\/media\/187833"}],"wp:attachment":[{"href":"https:\/\/casutajucariilor.ro\/en\/wp-json\/wp\/v2\/media?parent=194902"}],"wp:term":[{"taxonomy":"product_brand","embeddable":true,"href":"https:\/\/casutajucariilor.ro\/en\/wp-json\/wp\/v2\/product_brand?post=194902"},{"taxonomy":"product_cat","embeddable":true,"href":"https:\/\/casutajucariilor.ro\/en\/wp-json\/wp\/v2\/product_cat?post=194902"},{"taxonomy":"product_tag","embeddable":true,"href":"https:\/\/casutajucariilor.ro\/en\/wp-json\/wp\/v2\/product_tag?post=194902"}],"curies":[{"name":"wp","href":"https:\/\/api.w.org\/{rel}","templated":true}]}}