{"id":195106,"date":"2025-04-28T03:13:24","date_gmt":"2025-04-28T00:13:24","guid":{"rendered":"https:\/\/casutajucariilor.ro\/produs\/lamborghini-revuelto-xl-blue-vehicle\/?currency=ron"},"modified":"2025-04-28T03:13:49","modified_gmt":"2025-04-28T00:13:49","slug":"lamborghini-revuelto-xl-blue-vehicle","status":"publish","type":"product","link":"https:\/\/casutajucariilor.ro\/en\/produs\/lamborghini-revuelto-xl-blue-vehicle\/","title":{"rendered":"Lamborghini Revuelto XL Blue vehicle"},"content":{"rendered":"<table class=\"MsoNormalTable\" border=\"1\" cellpadding=\"0\" style=\"border:dashed #BBBBBB 1pt;\">\n<tbody>\n<tr>\n<td style=\"border:dashed #BBBBBB 1pt;padding:0.75pt 0.75pt 0.75pt 0.75pt;\">\n<p class=\"MsoNormal\" style=\"margin-bottom:0cm;line-height:normal;\"><span lang=\"en\" style=\"font-size:8.5pt;font-family:Verdana, sans-serif;color:#000000;\" xml_lang=\"en\">Specification<\/span><\/p>\n<\/p>\n<\/td>\n<td style=\"border:dashed #BBBBBB 1pt;padding:0.75pt 0.75pt 0.75pt 0.75pt;\">\n<p class=\"MsoNormal\" style=\"margin-bottom:0cm;line-height:normal;\"><span lang=\"en\" style=\"font-size:8.5pt;font-family:Verdana, sans-serif;color:#000000;\" xml_lang=\"en\">Revuelto Vehicle<\/span><\/p>\n<\/p>\n<\/td>\n<\/tr>\n<tr>\n<td style=\"border:dashed #BBBBBB 1pt;padding:0.75pt 0.75pt 0.75pt 0.75pt;\">\n<p class=\"MsoNormal\" style=\"margin-bottom:0cm;line-height:normal;\"><span lang=\"en\" style=\"font-size:8.5pt;font-family:Verdana, sans-serif;color:#000000;\" xml_lang=\"en\">Engine<\/span><\/p>\n<\/p>\n<\/td>\n<td style=\"border:dashed #BBBBBB 1pt;padding:0.75pt 0.75pt 0.75pt 0.75pt;\">\n<p class=\"MsoNormal\" style=\"margin-bottom:0cm;line-height:normal;\"><span style=\"font-family:Verdana, sans-serif;font-size:11.3333px;\">4x200W<\/span><\/p>\n<\/p>\n<\/td>\n<\/tr>\n<tr>\n<td style=\"border:dashed #BBBBBB 1pt;padding:0.75pt 0.75pt 0.75pt 0.75pt;\">\n<p class=\"MsoNormal\" style=\"margin-bottom:0cm;line-height:normal;\"><span lang=\"en\" style=\"font-size:8.5pt;font-family:Verdana, sans-serif;color:#000000;\" xml_lang=\"en\">Battery<\/span><\/p>\n<\/p>\n<\/td>\n<td style=\"border:dashed #BBBBBB 1pt;padding:0.75pt 0.75pt 0.75pt 0.75pt;\">\n<p class=\"MsoNormal\" style=\"margin-bottom:0cm;line-height:normal;\"><span lang=\"en\" style=\"font-size:8.5pt;font-family:Verdana, sans-serif;color:#000000;\" xml_lang=\"en\">24V7Ah<\/span><\/p>\n<\/p>\n<\/td>\n<\/tr>\n<tr>\n<td style=\"border:dashed #BBBBBB 1pt;padding:0.75pt 0.75pt 0.75pt 0.75pt;\">\n<p class=\"MsoNormal\" style=\"margin-bottom:0cm;line-height:normal;\"><span lang=\"en\" style=\"font-size:8.5pt;font-family:Verdana, sans-serif;color:#000000;\" xml_lang=\"en\">Remote Control<\/span><\/p>\n<\/p>\n<\/td>\n<td style=\"border:dashed #BBBBBB 1pt;padding:0.75pt 0.75pt 0.75pt 0.75pt;\">\n<ul type=\"disc\">\n<li class=\"MsoNormal\" style=\"color:#000000;line-height:normal;\"><span lang=\"en\" style=\"font-size:8.5pt;font-family:Verdana, sans-serif;\" xml_lang=\"en\">2.4GHz<\/span>\n<\/p>\n<\/li>\n<li class=\"MsoNormal\" style=\"color:#000000;line-height:normal;\"><span lang=\"en\" style=\"font-size:8.5pt;font-family:Verdana, sans-serif;\" xml_lang=\"en\">3 Speeds,<\/span>\n<\/p>\n<\/li>\n<li class=\"MsoNormal\" style=\"color:#000000;line-height:normal;\"><span lang=\"en\" style=\"font-size:8.5pt;font-family:Verdana, sans-serif;\" xml_lang=\"en\">Safety Stop Button<\/span>\n<\/p>\n<\/li>\n<\/ul>\n<\/td>\n<\/tr>\n<tr>\n<td style=\"border:dashed #BBBBBB 1pt;padding:0.75pt 0.75pt 0.75pt 0.75pt;\">\n<p class=\"MsoNormal\" style=\"margin-bottom:0cm;line-height:normal;\"><span lang=\"en\" style=\"font-size:8.5pt;font-family:Verdana, sans-serif;color:#000000;\" xml_lang=\"en\">Wheels<\/span><\/p>\n<\/p>\n<\/td>\n<td style=\"border:dashed #BBBBBB 1pt;padding:0.75pt 0.75pt 0.75pt 0.75pt;\">\n<p class=\"MsoNormal\" style=\"margin-left:36pt;line-height:normal;\"><span lang=\"en\" style=\"font-size:8.5pt;font-family:Verdana, sans-serif;color:#000000;\" xml_lang=\"en\">Eva<\/span><\/p>\n<\/p>\n<p class=\"MsoNormal\" style=\"margin-left:36pt;line-height:normal;\"><span lang=\"en\" style=\"font-size:8.5pt;font-family:Verdana, sans-serif;color:#000000;\" xml_lang=\"en\">24&#215;9 cm<\/span><\/p>\n<\/p>\n<\/td>\n<\/tr>\n<tr>\n<td style=\"border:dashed #BBBBBB 1pt;padding:0.75pt 0.75pt 0.75pt 0.75pt;\">\n<p class=\"MsoNormal\" style=\"margin-bottom:0cm;line-height:normal;\"><span lang=\"en\" style=\"font-size:8.5pt;font-family:Verdana, sans-serif;color:#000000;\" xml_lang=\"en\">Shock absorbers<\/span><\/p>\n<\/p>\n<\/td>\n<td style=\"border:dashed #BBBBBB 1pt;padding:0.75pt 0.75pt 0.75pt 0.75pt;\">\n<p class=\"MsoNormal\" style=\"margin-bottom:0cm;line-height:normal;\"><span lang=\"en\" style=\"font-size:8.5pt;font-family:Verdana, sans-serif;color:#000000;\" xml_lang=\"en\"><span> <\/span>Spate<\/span><\/p>\n<\/p>\n<\/td>\n<\/tr>\n<tr>\n<td style=\"border:dashed #BBBBBB 1pt;padding:0.75pt 0.75pt 0.75pt 0.75pt;\">\n<p class=\"MsoNormal\" style=\"margin-bottom:0cm;line-height:normal;\"><span lang=\"en\" style=\"font-size:8.5pt;font-family:Verdana, sans-serif;color:#000000;\" xml_lang=\"en\">Curse<\/span><\/p>\n<\/p>\n<\/td>\n<td style=\"border:dashed #BBBBBB 1pt;padding:0.75pt 0.75pt 0.75pt 0.75pt;\">\n<ul type=\"disc\">\n<li class=\"MsoNormal\" style=\"color:#000000;line-height:normal;\"><span lang=\"en\" style=\"font-size:8.5pt;font-family:Verdana, sans-serif;\" xml_lang=\"en\">Pornire lent\u0103,<\/span>\n<\/p>\n<\/li>\n<li class=\"MsoNormal\" style=\"color:#000000;line-height:normal;\"><span lang=\"en\" style=\"font-size:8.5pt;font-family:Verdana, sans-serif;\" xml_lang=\"en\">Fa\u021b\u0103\/Spate<\/span>\n<\/p>\n<\/li>\n<li class=\"MsoNormal\" style=\"color:#000000;line-height:normal;\"><span lang=\"en\" style=\"font-size:8.5pt;font-family:Verdana, sans-serif;\" xml_lang=\"en\">2 speeds<\/span>\n<\/p>\n<\/li>\n<\/ul>\n<\/td>\n<\/tr>\n<tr>\n<td style=\"border:dashed #BBBBBB 1pt;padding:0.75pt 0.75pt 0.75pt 0.75pt;\">\n<p class=\"MsoNormal\" style=\"margin-bottom:0cm;line-height:normal;\"><span lang=\"en\" style=\"font-size:8.5pt;font-family:Verdana, sans-serif;color:#000000;\" xml_lang=\"en\">Lights<\/span><\/p>\n<\/p>\n<\/td>\n<td style=\"border:dashed #BBBBBB 1pt;padding:0.75pt 0.75pt 0.75pt 0.75pt;\">\n<ul type=\"disc\">\n<li class=\"MsoNormal\" style=\"color:#000000;line-height:normal;\"><span lang=\"en\" style=\"font-size:8.5pt;font-family:Verdana, sans-serif;\" xml_lang=\"en\">LED lights,<\/span>\n<\/p>\n<\/li>\n<li class=\"MsoNormal\" style=\"color:#000000;line-height:normal;\"><span lang=\"en\" style=\"font-size:8.5pt;font-family:Verdana, sans-serif;\" xml_lang=\"en\">Front\/ Back<\/span>\n<\/p>\n<\/li>\n<\/ul>\n<\/td>\n<\/tr>\n<tr>\n<td style=\"border:dashed #BBBBBB 1pt;padding:0.75pt 0.75pt 0.75pt 0.75pt;\">\n<p class=\"MsoNormal\" style=\"margin-bottom:0cm;line-height:normal;\"><span lang=\"en\" style=\"font-size:8.5pt;font-family:Verdana, sans-serif;color:#000000;\" xml_lang=\"en\">Equipment<\/span><\/p>\n<\/p>\n<\/td>\n<td style=\"border:dashed #BBBBBB 1pt;padding:0.75pt 0.75pt 0.75pt 0.75pt;\"><\/td>\n<\/tr>\n<tr>\n<td style=\"border:dashed #BBBBBB 1pt;padding:0.75pt 0.75pt 0.75pt 0.75pt;\">\n<p class=\"MsoNormal\" style=\"margin-bottom:0cm;line-height:normal;\"><span lang=\"en\" style=\"font-size:8.5pt;font-family:Verdana, sans-serif;color:#000000;\" xml_lang=\"en\">Panou Audio<\/span><\/p>\n<\/p>\n<\/td>\n<td style=\"border:dashed #BBBBBB 1pt;padding:0.75pt 0.75pt 0.75pt 0.75pt;\">\n<ul type=\"disc\">\n<li class=\"MsoNormal\" style=\"color:#000000;line-height:normal;\"><span lang=\"en\" style=\"font-size:8.5pt;font-family:Verdana, sans-serif;\" xml_lang=\"en\">FM radio<\/span>\n<\/p>\n<\/li>\n<li class=\"MsoNormal\" style=\"color:#000000;line-height:normal;\"><span lang=\"en\" style=\"font-size:8.5pt;font-family:Verdana, sans-serif;\" xml_lang=\"en\">MP3<\/span>\n<\/p>\n<\/li>\n<li class=\"MsoNormal\" style=\"color:#000000;line-height:normal;\"><span lang=\"en\" style=\"font-size:8.5pt;font-family:Verdana, sans-serif;\" xml_lang=\"en\">Intrare AUX,<\/span>\n<\/p>\n<\/li>\n<li class=\"MsoNormal\" style=\"color:#000000;line-height:normal;\"><span lang=\"en\" style=\"font-size:8.5pt;font-family:Verdana, sans-serif;\" xml_lang=\"en\">Bluetooth,<\/span>\n<\/p>\n<\/li>\n<li class=\"MsoNormal\" style=\"color:#000000;line-height:normal;\"><span lang=\"en\" style=\"font-size:8.5pt;font-family:Verdana, sans-serif;\" xml_lang=\"en\">Intrare USB,<\/span>\n<\/p>\n<\/li>\n<li class=\"MsoNormal\" style=\"color:#000000;line-height:normal;\"><span lang=\"en\" style=\"font-size:8.5pt;font-family:Verdana, sans-serif;\" xml_lang=\"en\">Sound and horn buttons on the steering wheel<\/span>\n<\/p>\n<\/li>\n<li class=\"MsoNormal\" style=\"color:#000000;line-height:normal;\"><span lang=\"en\" style=\"font-size:8.5pt;font-family:Verdana, sans-serif;\" xml_lang=\"en\">Preloaded melodies<\/span>\n<\/p>\n<\/li>\n<\/ul>\n<\/td>\n<\/tr>\n<tr>\n<td style=\"border:dashed #BBBBBB 1pt;padding:0.75pt 0.75pt 0.75pt 0.75pt;\">\n<p class=\"MsoNormal\" style=\"margin-bottom:0cm;line-height:normal;\"><span lang=\"en\" style=\"font-size:8.5pt;font-family:Verdana, sans-serif;color:#000000;\" xml_lang=\"en\">Charge Indicator<\/span><\/p>\n<\/p>\n<\/td>\n<td style=\"border:dashed #BBBBBB 1pt;padding:0.75pt 0.75pt 0.75pt 0.75pt;\">\n<p class=\"MsoNormal\" style=\"margin-bottom:0cm;line-height:normal;\"><span lang=\"en\" style=\"font-size:8.5pt;font-family:Verdana, sans-serif;color:#000000;\" xml_lang=\"en\">YES<\/span><\/p>\n<\/p>\n<\/td>\n<\/tr>\n<tr>\n<td style=\"border:dashed #BBBBBB 1pt;padding:0.75pt 0.75pt 0.75pt 0.75pt;\">\n<p class=\"MsoNormal\" style=\"margin-bottom:0cm;line-height:normal;\"><span lang=\"en\" style=\"font-size:8.5pt;font-family:Verdana, sans-serif;color:#000000;\" xml_lang=\"en\">Scaun<\/span><\/p>\n<\/p>\n<\/td>\n<td style=\"border:dashed #BBBBBB 1pt;padding:0.75pt 0.75pt 0.75pt 0.75pt;\">\n<ul type=\"disc\">\n<li class=\"MsoNormal\" style=\"color:#000000;line-height:normal;\"><span lang=\"en\" style=\"font-size:8.5pt;font-family:Verdana, sans-serif;\" xml_lang=\"en\">Eco-leather<\/span>\n<\/p>\n<\/li>\n<li class=\"MsoNormal\" style=\"color:#000000;line-height:normal;\"><span lang=\"en\" style=\"font-size:8.5pt;font-family:Verdana, sans-serif;\" xml_lang=\"en\">Seat belts<\/span>\n<\/p>\n<\/li>\n<li class=\"MsoNormal\" style=\"color:#000000;line-height:normal;\"><span lang=\"en\" style=\"font-size:8.5pt;font-family:Verdana, sans-serif;\" xml_lang=\"en\">Double seat<\/span>\n<\/p>\n<\/li>\n<li class=\"MsoNormal\" style=\"color:#000000;line-height:normal;\"><span lang=\"en\" style=\"font-size:8.5pt;font-family:Verdana, sans-serif;\" xml_lang=\"en\">23x19x28cm x2<\/span>\n<\/p>\n<\/li>\n<\/ul>\n<\/td>\n<\/tr>\n<tr>\n<td style=\"border:dashed #BBBBBB 1pt;padding:0.75pt 0.75pt 0.75pt 0.75pt;\">\n<p class=\"MsoNormal\" style=\"margin-bottom:0cm;line-height:normal;\"><span lang=\"en\" style=\"font-size:8.5pt;font-family:Verdana, sans-serif;color:#000000;\" xml_lang=\"en\">Trunk<\/span><\/p>\n<\/p>\n<\/td>\n<td style=\"border:dashed #BBBBBB 1pt;padding:0.75pt 0.75pt 0.75pt 0.75pt;\">\n<p class=\"MsoNormal\" style=\"line-height:normal;\"><span lang=\"en\" style=\"font-size:8.5pt;font-family:Verdana, sans-serif;color:#000000;\" xml_lang=\"en\">Da<\/span><\/p>\n<\/p>\n<\/td>\n<\/tr>\n<tr>\n<td style=\"border:dashed #BBBBBB 1pt;padding:0.75pt 0.75pt 0.75pt 0.75pt;\">\n<p class=\"MsoNormal\" style=\"margin-bottom:0cm;line-height:normal;\"><span lang=\"en\" style=\"font-size:8.5pt;font-family:Verdana, sans-serif;color:#000000;\" xml_lang=\"en\">Opening Doors<\/span><\/p>\n<\/p>\n<\/td>\n<td style=\"border:dashed #BBBBBB 1pt;padding:0.75pt 0.75pt 0.75pt 0.75pt;\">\n<p class=\"MsoNormal\" style=\"margin-bottom:0cm;line-height:normal;\"><span lang=\"en\" style=\"font-size:8.5pt;font-family:Verdana, sans-serif;color:#000000;\" xml_lang=\"en\">Yes,<\/span><\/p>\n<\/p>\n<\/td>\n<\/tr>\n<tr>\n<td style=\"border:dashed #BBBBBB 1pt;padding:0.75pt 0.75pt 0.75pt 0.75pt;\">\n<p class=\"MsoNormal\" style=\"margin-bottom:0cm;line-height:normal;\"><span lang=\"en\" style=\"font-size:8.5pt;font-family:Verdana, sans-serif;color:#000000;\" xml_lang=\"en\">Dimensions<\/span><\/p>\n<\/p>\n<\/td>\n<td style=\"border:dashed #BBBBBB 1pt;padding:0.75pt 0.75pt 0.75pt 0.75pt;\">\n<p class=\"MsoNormal\" style=\"margin-bottom:0cm;line-height:normal;\"><span lang=\"en\" style=\"font-size:8.5pt;font-family:Verdana, sans-serif;color:#000000;\" xml_lang=\"en\"> <\/span><\/p>\n<\/p>\n<\/td>\n<\/tr>\n<tr>\n<td style=\"border:dashed #BBBBBB 1pt;padding:0.75pt 0.75pt 0.75pt 0.75pt;\">\n<p class=\"MsoNormal\" style=\"margin-bottom:0cm;line-height:normal;\"><span lang=\"en\" style=\"font-size:8.5pt;font-family:Verdana, sans-serif;color:#000000;\" xml_lang=\"en\">Vehicle Size<\/span><\/p>\n<\/p>\n<\/td>\n<td style=\"border:dashed #BBBBBB 1pt;padding:0.75pt 0.75pt 0.75pt 0.75pt;\">\n<ul type=\"disc\">\n<li class=\"MsoNormal\" style=\"color:#000000;line-height:normal;\"><span lang=\"en\" style=\"font-size:8.5pt;font-family:Verdana, sans-serif;\" xml_lang=\"en\">Length 132 cm<\/span>\n<\/p>\n<\/li>\n<li class=\"MsoNormal\" style=\"color:#000000;line-height:normal;\"><span lang=\"en\" style=\"font-size:8.5pt;font-family:Verdana, sans-serif;\" xml_lang=\"en\">Width 73 cm,<\/span>\n<\/p>\n<\/li>\n<li class=\"MsoNormal\" style=\"color:#000000;line-height:normal;\"><span lang=\"en\" style=\"font-size:8.5pt;font-family:Verdana, sans-serif;\" xml_lang=\"en\">Height 44cm,<\/span>\n<\/p>\n<\/li>\n<\/ul>\n<\/td>\n<\/tr>\n<tr>\n<td style=\"border:dashed #BBBBBB 1pt;padding:0.75pt 0.75pt 0.75pt 0.75pt;\">\n<p class=\"MsoNormal\" style=\"margin-bottom:0cm;line-height:normal;\"><span lang=\"en\" style=\"font-size:8.5pt;font-family:Verdana, sans-serif;color:#000000;\" xml_lang=\"en\">Greutatea vehiculului<\/span><\/p>\n<\/p>\n<\/td>\n<td style=\"border:dashed #BBBBBB 1pt;padding:0.75pt 0.75pt 0.75pt 0.75pt;\">\n<p class=\"MsoNormal\" style=\"margin-bottom:0cm;line-height:normal;\"><span lang=\"en\" style=\"font-size:8.5pt;font-family:Verdana, sans-serif;color:#000000;\" xml_lang=\"en\">28kg<\/span><\/p>\n<\/p>\n<\/td>\n<\/tr>\n<tr>\n<td style=\"border:dashed #BBBBBB 1pt;padding:0.75pt 0.75pt 0.75pt 0.75pt;\">\n<p class=\"MsoNormal\" style=\"margin-bottom:0cm;line-height:normal;\"><span lang=\"en\" style=\"font-size:8.5pt;font-family:Verdana, sans-serif;color:#000000;\" xml_lang=\"en\">Dimensiunea cartonului<\/span><\/p>\n<\/p>\n<\/td>\n<td style=\"border:dashed #BBBBBB 1pt;padding:0.75pt 0.75pt 0.75pt 0.75pt;\">\n<p class=\"MsoNormal\" style=\"margin-bottom:0cm;line-height:normal;\"><span lang=\"en\" style=\"font-size:8.5pt;font-family:Verdana, sans-serif;color:#000000;\" xml_lang=\"en\">136x72x38.5cm<\/span><\/p>\n<\/p>\n<\/td>\n<\/tr>\n<tr>\n<td style=\"border:dashed #BBBBBB 1pt;padding:0.75pt 0.75pt 0.75pt 0.75pt;\">\n<p class=\"MsoNormal\" style=\"margin-bottom:0cm;line-height:normal;\"><span lang=\"en\" style=\"font-size:8.5pt;font-family:Verdana, sans-serif;color:#000000;\" xml_lang=\"en\">Greutatea cartonului<\/span><\/p>\n<\/p>\n<\/td>\n<td style=\"border:dashed #BBBBBB 1pt;padding:0.75pt 0.75pt 0.75pt 0.75pt;\">\n<p class=\"MsoNormal\" style=\"margin-bottom:0cm;line-height:normal;\"><span lang=\"en\" style=\"font-size:8.5pt;font-family:Verdana, sans-serif;color:#000000;\" xml_lang=\"en\">32kg<\/span><\/p>\n<\/p>\n<\/td>\n<\/tr>\n<tr>\n<td style=\"border:dashed #BBBBBB 1pt;padding:0.75pt 0.75pt 0.75pt 0.75pt;\">\n<p class=\"MsoNormal\" style=\"margin-bottom:0cm;line-height:normal;\"><span lang=\"en\" style=\"font-size:8.5pt;font-family:Verdana, sans-serif;color:#000000;\" xml_lang=\"en\">\u00cenc\u0103rcare maxim\u0103<\/span><\/p>\n<\/p>\n<\/td>\n<td style=\"border:dashed #BBBBBB 1pt;padding:0.75pt 0.75pt 0.75pt 0.75pt;\">\n<p class=\"MsoNormal\" style=\"margin-bottom:0cm;line-height:normal;\"><span lang=\"en\" style=\"font-size:8.5pt;font-family:Verdana, sans-serif;color:#000000;\" xml_lang=\"en\">60kg<\/span><\/p>\n<\/p>\n<\/td>\n<\/tr>\n<tr>\n<td style=\"border:dashed #BBBBBB 1pt;padding:0.75pt 0.75pt 0.75pt 0.75pt;\">\n<p class=\"MsoNormal\" style=\"margin-bottom:0cm;line-height:normal;\"><span lang=\"en\" style=\"font-size:8.5pt;font-family:Verdana, sans-serif;color:#000000;\" xml_lang=\"en\">Garda la sol<\/span><\/p>\n<\/p>\n<\/td>\n<td style=\"border:dashed #BBBBBB 1pt;padding:0.75pt 0.75pt 0.75pt 0.75pt;\">\n<p class=\"MsoNormal\" style=\"margin-bottom:0cm;line-height:normal;\"><span lang=\"en\" style=\"font-size:8.5pt;font-family:Verdana, sans-serif;color:#000000;\" xml_lang=\"en\">10 cm<\/span><\/p>\n<\/p>\n<\/td>\n<\/tr>\n<tr>\n<td style=\"border:dashed #BBBBBB 1pt;padding:0.75pt 0.75pt 0.75pt 0.75pt;\">\n<p class=\"MsoNormal\" style=\"margin-bottom:0cm;line-height:normal;\"><span lang=\"en\" style=\"font-size:8.5pt;font-family:Verdana, sans-serif;color:#000000;\" xml_lang=\"en\">Echipament suplimentar<\/span><\/p>\n<\/p>\n<\/td>\n<td style=\"border:dashed #BBBBBB 1pt;padding:0.75pt 0.75pt 0.75pt 0.75pt;\"><\/td>\n<\/tr>\n<tr>\n<td style=\"border:dashed #BBBBBB 1pt;padding:0.75pt 0.75pt 0.75pt 0.75pt;\">\n<p class=\"MsoNormal\" style=\"margin-bottom:0cm;line-height:normal;\"><span lang=\"en\" style=\"font-size:8.5pt;font-family:Verdana, sans-serif;color:#000000;\" xml_lang=\"en\">Instructions + Mounting Kit<\/span><\/p>\n<\/p>\n<\/td>\n<td style=\"border:none;padding:0.75pt 0.75pt 0.75pt 0.75pt;\"><\/td>\n<\/tr>\n<tr>\n<td style=\"border:dashed #BBBBBB 1pt;padding:0.75pt 0.75pt 0.75pt 0.75pt;\">\n<p class=\"MsoNormal\" style=\"margin-bottom:0cm;line-height:normal;\"><span lang=\"en\" style=\"font-size:8.5pt;font-family:Verdana, sans-serif;color:#000000;\" xml_lang=\"en\">Charger &#8211; 12V1000AH<\/span><\/p>\n<\/p>\n<\/td>\n<td style=\"border:none;padding:0.75pt 0.75pt 0.75pt 0.75pt;\"><\/td>\n<\/tr>\n<tr>\n<td style=\"border:dashed #BBBBBB 1pt;padding:0.75pt 0.75pt 0.75pt 0.75pt;\">\n<p class=\"MsoNormal\" style=\"margin-bottom:0cm;line-height:normal;\"><span lang=\"en\" style=\"font-size:8.5pt;font-family:Verdana, sans-serif;color:#000000;\" xml_lang=\"en\">Vehicle Cover<\/span><\/p>\n<\/p>\n<\/td>\n<td style=\"border:none;padding:0.75pt 0.75pt 0.75pt 0.75pt;\"><\/td>\n<\/tr>\n<tr>\n<td style=\"border:dashed #BBBBBB 1pt;padding:0.75pt 0.75pt 0.75pt 0.75pt;\">\n<p class=\"MsoNormal\" style=\"margin-bottom:0cm;line-height:normal;\"><span lang=\"en\" style=\"font-size:8.5pt;font-family:Verdana, sans-serif;color:#000000;\" xml_lang=\"en\">Velvet rugs<\/span><\/p>\n<\/p>\n<\/td>\n<td style=\"border:none;padding:0.75pt 0.75pt 0.75pt 0.75pt;\"><\/td>\n<\/tr>\n<\/tbody>\n<\/table>\n<p class=\"MsoNormal\"><span lang=\"en\" xml_lang=\"en\"><\/span><\/p>\n<\/p>\n<p>____________<\/p>\n<p>RMZb2b | ID: 16777 | Symbol: PA.A500.NIE | EAN: 5903864984521<\/p>\n<p>Size: 136x72x38<br \/>\nWeight: 29.000000<\/p>\n","protected":false},"excerpt":{"rendered":"<p>Specification Revuelto Vehicle Engine 4x200W Battery 24V7Ah Remote Control 2.4GHz 3 Speeds, Safety Stop Button Wheels Eva 24&#215;9 cm Shock absorbers Spate Curse Pornire lent\u0103, Fa\u021b\u0103\/Spate 2 speeds Lights LED lights, Front\/ Back Equipment Panou Audio FM radio MP3 Intrare AUX, Bluetooth, Intrare USB, Sound and horn buttons on the steering wheel Preloaded melodies Charge<\/p>\n","protected":false},"featured_media":193316,"comment_status":"closed","ping_status":"open","template":"","meta":{"give_campaign_id":0,"_surecart_dashboard_logo_width":"180px","_surecart_dashboard_show_logo":true,"_surecart_dashboard_navigation_orders":true,"_surecart_dashboard_navigation_invoices":true,"_surecart_dashboard_navigation_subscriptions":true,"_surecart_dashboard_navigation_downloads":true,"_surecart_dashboard_navigation_billing":true,"_surecart_dashboard_navigation_account":true,"site-sidebar-layout":"default","site-content-layout":"plain-container","ast-site-content-layout":"full-width-container","site-content-style":"default","site-sidebar-style":"default","ast-global-header-display":"","ast-banner-title-visibility":"","ast-main-header-display":"","ast-hfb-above-header-display":"","ast-hfb-below-header-display":"","ast-hfb-mobile-header-display":"","site-post-title":"","ast-breadcrumbs-content":"","ast-featured-img":"","footer-sml-layout":"","ast-disable-related-posts":"","theme-transparent-header-meta":"default","adv-header-id-meta":"","stick-header-meta":"default","header-above-stick-meta":"","header-main-stick-meta":"","header-below-stick-meta":"","astra-migrate-meta-layouts":"default","ast-page-background-enabled":"default","ast-page-background-meta":{"desktop":{"background-color":"","background-image":"","background-repeat":"repeat","background-position":"center center","background-size":"auto","background-attachment":"scroll","background-type":"","background-media":"","overlay-type":"","overlay-color":"","overlay-opacity":"","overlay-gradient":""},"tablet":{"background-color":"","background-image":"","background-repeat":"repeat","background-position":"center center","background-size":"auto","background-attachment":"scroll","background-type":"","background-media":"","overlay-type":"","overlay-color":"","overlay-opacity":"","overlay-gradient":""},"mobile":{"background-color":"","background-image":"","background-repeat":"repeat","background-position":"center center","background-size":"auto","background-attachment":"scroll","background-type":"","background-media":"","overlay-type":"","overlay-color":"","overlay-opacity":"","overlay-gradient":""}},"ast-content-background-meta":{"desktop":{"background-color":"var(--ast-global-color-5)","background-image":"","background-repeat":"repeat","background-position":"center center","background-size":"auto","background-attachment":"scroll","background-type":"","background-media":"","overlay-type":"","overlay-color":"","overlay-opacity":"","overlay-gradient":""},"tablet":{"background-color":"var(--ast-global-color-5)","background-image":"","background-repeat":"repeat","background-position":"center center","background-size":"auto","background-attachment":"scroll","background-type":"","background-media":"","overlay-type":"","overlay-color":"","overlay-opacity":"","overlay-gradient":""},"mobile":{"background-color":"var(--ast-global-color-5)","background-image":"","background-repeat":"repeat","background-position":"center center","background-size":"auto","background-attachment":"scroll","background-type":"","background-media":"","overlay-type":"","overlay-color":"","overlay-opacity":"","overlay-gradient":""}}},"product_brand":[803],"product_cat":[15],"product_tag":[],"class_list":{"0":"post-195106","1":"product","2":"type-product","3":"status-publish","4":"has-post-thumbnail","6":"product_brand-lamborghini","7":"product_cat-uncategorized","8":"desktop-align-left","9":"tablet-align-left","10":"mobile-align-left","11":"ast-product-gallery-layout-horizontal-slider","12":"ast-product-gallery-with-no-image","13":"ast-product-tabs-layout-accordion","14":"ast-qv-on-image","16":"first","17":"instock","18":"purchasable","19":"product-type-simple"},"acf":[],"_links":{"self":[{"href":"https:\/\/casutajucariilor.ro\/en\/wp-json\/wp\/v2\/product\/195106","targetHints":{"allow":["GET"]}}],"collection":[{"href":"https:\/\/casutajucariilor.ro\/en\/wp-json\/wp\/v2\/product"}],"about":[{"href":"https:\/\/casutajucariilor.ro\/en\/wp-json\/wp\/v2\/types\/product"}],"replies":[{"embeddable":true,"href":"https:\/\/casutajucariilor.ro\/en\/wp-json\/wp\/v2\/comments?post=195106"}],"version-history":[{"count":0,"href":"https:\/\/casutajucariilor.ro\/en\/wp-json\/wp\/v2\/product\/195106\/revisions"}],"wp:featuredmedia":[{"embeddable":true,"href":"https:\/\/casutajucariilor.ro\/en\/wp-json\/wp\/v2\/media\/193316"}],"wp:attachment":[{"href":"https:\/\/casutajucariilor.ro\/en\/wp-json\/wp\/v2\/media?parent=195106"}],"wp:term":[{"taxonomy":"product_brand","embeddable":true,"href":"https:\/\/casutajucariilor.ro\/en\/wp-json\/wp\/v2\/product_brand?post=195106"},{"taxonomy":"product_cat","embeddable":true,"href":"https:\/\/casutajucariilor.ro\/en\/wp-json\/wp\/v2\/product_cat?post=195106"},{"taxonomy":"product_tag","embeddable":true,"href":"https:\/\/casutajucariilor.ro\/en\/wp-json\/wp\/v2\/product_tag?post=195106"}],"curies":[{"name":"wp","href":"https:\/\/api.w.org\/{rel}","templated":true}]}}