{"id":195107,"date":"2025-04-28T03:12:21","date_gmt":"2025-04-28T00:12:21","guid":{"rendered":"https:\/\/casutajucariilor.ro\/produs\/vehicle-mercedes-benz-maybach-g650-white\/?currency=ron"},"modified":"2025-04-28T03:12:54","modified_gmt":"2025-04-28T00:12:54","slug":"vehicle-mercedes-benz-maybach-g650-white","status":"publish","type":"product","link":"https:\/\/casutajucariilor.ro\/en\/produs\/vehicle-mercedes-benz-maybach-g650-white\/","title":{"rendered":"Vehicle Mercedes Benz MAYBACH G650 White"},"content":{"rendered":"<table class=\"MsoNormalTable\" border=\"1\" cellpadding=\"0\" style=\"border:dashed #BBBBBB 1pt;\">\n<tbody>\n<tr>\n<td style=\"border:dashed #BBBBBB 1pt;padding:0.75pt 0.75pt 0.75pt 0.75pt;\">\n<p class=\"MsoNormal\"><span lang=\"en\" xml_lang=\"en\">Specification<\/span><\/p>\n<\/p>\n<\/td>\n<td style=\"border:dashed #BBBBBB 1pt;padding:0.75pt 0.75pt 0.75pt 0.75pt;\">\n<p class=\"MsoNormal\"><b><span lang=\"en\" xml_lang=\"en\">Mercedes Benz MAYBACH G650<\/span><\/b><span lang=\"en\" xml_lang=\"en\"><\/span><\/p>\n<\/p>\n<\/td>\n<\/tr>\n<tr>\n<td style=\"border:dashed #BBBBBB 1pt;padding:0.75pt 0.75pt 0.75pt 0.75pt;\">\n<p class=\"MsoNormal\"><span lang=\"en\" xml_lang=\"en\">Engine<\/span><\/p>\n<\/p>\n<\/td>\n<td style=\"border:dashed #BBBBBB 1pt;padding:0.75pt 0.75pt 0.75pt 0.75pt;\">\n<p class=\"MsoNormal\"><span lang=\"en\" xml_lang=\"en\">4x200W<\/span><\/p>\n<\/p>\n<\/td>\n<\/tr>\n<tr>\n<td style=\"border:dashed #BBBBBB 1pt;padding:0.75pt 0.75pt 0.75pt 0.75pt;\">\n<p class=\"MsoNormal\"><span lang=\"en\" xml_lang=\"en\">Battery<\/span><\/p>\n<\/p>\n<\/td>\n<td style=\"border:dashed #BBBBBB 1pt;padding:0.75pt 0.75pt 0.75pt 0.75pt;\">\n<p class=\"MsoNormal\"><span lang=\"en\" xml_lang=\"en\">24V14Ah<\/span><\/p>\n<\/p>\n<\/td>\n<\/tr>\n<tr>\n<td style=\"border:dashed #BBBBBB 1pt;padding:0.75pt 0.75pt 0.75pt 0.75pt;\">\n<p class=\"MsoNormal\"><span lang=\"en\" xml_lang=\"en\">Wheels<\/span><\/p>\n<\/p>\n<\/td>\n<td style=\"border:dashed #BBBBBB 1pt;padding:0.75pt 0.75pt 0.75pt 0.75pt;\">\n<ul style=\"margin-top:0cm;\" type=\"disc\">\n<li class=\"MsoNormal\"><span lang=\"en\" xml_lang=\"en\">Ro\u021bi EVA,<\/span>\n<\/p>\n<\/li>\n<li class=\"MsoNormal\"><span lang=\"en\" xml_lang=\"en\">38x12cm<\/span>\n<\/p>\n<\/li>\n<\/ul>\n<\/td>\n<\/tr>\n<tr>\n<td style=\"border:dashed #BBBBBB 1pt;padding:0.75pt 0.75pt 0.75pt 0.75pt;\">\n<p class=\"MsoNormal\"><span lang=\"en\" xml_lang=\"en\">Shock absorbers<\/span><\/p>\n<\/p>\n<\/td>\n<td style=\"border:dashed #BBBBBB 1pt;padding:0.75pt 0.75pt 0.75pt 0.75pt;\">\n<ul style=\"margin-top:0cm;\" type=\"disc\">\n<li class=\"MsoNormal\"><span lang=\"en\" xml_lang=\"en\">Back<\/span>\n<\/p>\n<\/li>\n<\/ul>\n<\/td>\n<\/tr>\n<tr>\n<td style=\"border:dashed #BBBBBB 1pt;padding:0.75pt 0.75pt 0.75pt 0.75pt;\">\n<p class=\"MsoNormal\"><span lang=\"en\" xml_lang=\"en\">Curse<\/span><\/p>\n<\/p>\n<\/td>\n<td style=\"border:dashed #BBBBBB 1pt;padding:0.75pt 0.75pt 0.75pt 0.75pt;\">\n<ul style=\"margin-top:0cm;\" type=\"disc\">\n<li class=\"MsoNormal\"><span lang=\"en\" xml_lang=\"en\">Pornire lent\u0103,<\/span>\n<\/p>\n<\/li>\n<li class=\"MsoNormal\"><span lang=\"en\" xml_lang=\"en\">Fa\u021b\u0103\/Spate<\/span>\n<\/p>\n<\/li>\n<li class=\"MsoNormal\"><span lang=\"en\" xml_lang=\"en\">2 speeds.<\/span>\n<\/p>\n<\/li>\n<\/ul>\n<\/td>\n<\/tr>\n<tr>\n<td style=\"border:dashed #BBBBBB 1pt;padding:0.75pt 0.75pt 0.75pt 0.75pt;\">\n<p class=\"MsoNormal\"><span lang=\"en\" xml_lang=\"en\">Lights<\/span><\/p>\n<\/p>\n<\/td>\n<td style=\"border:dashed #BBBBBB 1pt;padding:0.75pt 0.75pt 0.75pt 0.75pt;\">\n<ul style=\"margin-top:0cm;\" type=\"disc\">\n<li class=\"MsoNormal\"><span lang=\"en\" xml_lang=\"en\">LED lights,<\/span>\n<\/p>\n<\/li>\n<li class=\"MsoNormal\"><span lang=\"en\" xml_lang=\"en\">Front,<\/span>\n<\/p>\n<\/li>\n<li class=\"MsoNormal\"><span lang=\"en\" xml_lang=\"en\">Spate,<\/span>\n<\/p>\n<\/li>\n<li class=\"MsoNormal\"><span lang=\"en\" xml_lang=\"en\">Reverse lights when the gear is engaged to the rear<\/span>\n<\/p>\n<\/li>\n<li class=\"MsoNormal\"><span lang=\"en\" xml_lang=\"en\">Brake light on when brake pressed<\/span>\n<\/p>\n<\/li>\n<li class=\"MsoNormal\"><span lang=\"en\" xml_lang=\"en\">Comutator de lumin\u0103<\/span>\n<\/p>\n<\/li>\n<\/ul>\n<\/td>\n<\/tr>\n<tr>\n<td style=\"border:dashed #BBBBBB 1pt;padding:0.75pt 0.75pt 0.75pt 0.75pt;\">\n<p class=\"MsoNormal\"><span lang=\"en\" xml_lang=\"en\">Equipment<\/span><\/p>\n<\/p>\n<\/td>\n<td style=\"border:dashed #BBBBBB 1pt;padding:0.75pt 0.75pt 0.75pt 0.75pt;\"><\/td>\n<\/tr>\n<tr>\n<td style=\"border:dashed #BBBBBB 1pt;padding:0.75pt 0.75pt 0.75pt 0.75pt;\">\n<p class=\"MsoNormal\"><span lang=\"en\" xml_lang=\"en\">Panou Audio<\/span><\/p>\n<\/p>\n<\/td>\n<td style=\"border:dashed #BBBBBB 1pt;padding:0.75pt 0.75pt 0.75pt 0.75pt;\">\n<p class=\"MsoListParagraph\" style=\"text-indent:-18pt;\"><!-- [if !supportLists]--><span lang=\"en\" style=\"font-size:10pt;line-height:107%;font-family:Symbol;\" xml_lang=\"en\">\u00b7<span style=\"font-size:7pt;line-height:normal;font-family:'Times New Roman';\">         <\/span><\/span><!--[endif]--><span lang=\"en\" xml_lang=\"en\">Touch panel MP4,<\/span><\/p>\n<\/p>\n<ul style=\"margin-top:0cm;\" type=\"disc\">\n<li class=\"MsoNormal\"><span lang=\"en\" xml_lang=\"en\">Bluetooth,<\/span>\n<\/p>\n<\/li>\n<li class=\"MsoNormal\"><span lang=\"en\" xml_lang=\"en\">Panel in languages: Polish, English, German, French, Spanish<\/span>\n<\/p>\n<\/li>\n<li class=\"MsoNormal\"><span lang=\"en\" xml_lang=\"en\">AUX,<\/span>\n<\/p>\n<\/li>\n<li class=\"MsoNormal\"><span lang=\"en\" xml_lang=\"en\">FM radio<\/span>\n<\/p>\n<\/li>\n<li class=\"MsoNormal\"><span lang=\"en\" xml_lang=\"en\">Intrare USB,<\/span>\n<\/p>\n<\/li>\n<li class=\"MsoNormal\"><span lang=\"en\" xml_lang=\"en\">SD input<\/span>\n<\/p>\n<\/li>\n<li class=\"MsoNormal\"><span lang=\"en\" xml_lang=\"en\">Uploaded fairy tales<\/span>\n<\/p>\n<\/li>\n<li class=\"MsoNormal\"><span lang=\"en\" xml_lang=\"en\">Bluetooth,<\/span>\n<\/p>\n<\/li>\n<li class=\"MsoNormal\"><span lang=\"en\" xml_lang=\"en\">Sound and horn buttons on the steering wheel<\/span>\n<\/p>\n<\/li>\n<li class=\"MsoNormal\"><span lang=\"en\" xml_lang=\"en\">Uploaded melodies<\/span>\n<\/p>\n<\/li>\n<\/ul>\n<\/td>\n<\/tr>\n<tr>\n<td style=\"border:dashed #BBBBBB 1pt;padding:0.75pt 0.75pt 0.75pt 0.75pt;\">\n<p class=\"MsoNormal\"><span lang=\"en\" xml_lang=\"en\">Charge Indicator<\/span><\/p>\n<\/p>\n<\/td>\n<td style=\"border:dashed #BBBBBB 1pt;padding:0.75pt 0.75pt 0.75pt 0.75pt;\">\n<p class=\"MsoNormal\"><span lang=\"en\" xml_lang=\"en\">YES<\/span><\/p>\n<\/p>\n<\/td>\n<\/tr>\n<tr>\n<td style=\"border:dashed #BBBBBB 1pt;padding:0.75pt 0.75pt 0.75pt 0.75pt;\">\n<p class=\"MsoNormal\"><span lang=\"en\" xml_lang=\"en\">Scaun<\/span><\/p>\n<\/p>\n<\/td>\n<td style=\"border:dashed #BBBBBB 1pt;padding:0.75pt 0.75pt 0.75pt 0.75pt;\">\n<ul style=\"margin-top:0cm;\" type=\"disc\">\n<li class=\"MsoNormal\"><span lang=\"en\" xml_lang=\"en\">Eco-leather<\/span>\n<\/p>\n<\/li>\n<li class=\"MsoNormal\"><span lang=\"en\" xml_lang=\"en\">Seat belts<\/span>\n<\/p>\n<\/li>\n<li class=\"MsoNormal\"><span lang=\"en\" xml_lang=\"en\">Double seat,<\/span>\n<\/p>\n<\/li>\n<li class=\"MsoNormal\"><span lang=\"en\" xml_lang=\"en\">Three-level seat adjustment<\/span>\n<\/p>\n<\/li>\n<li class=\"MsoNormal\"><span lang=\"en\" xml_lang=\"en\">32x30x42 cm<\/span>\n<\/p>\n<\/li>\n<\/ul>\n<\/td>\n<\/tr>\n<tr>\n<td style=\"border:dashed #BBBBBB 1pt;padding:0.75pt 0.75pt 0.75pt 0.75pt;\">\n<p class=\"MsoNormal\"><span lang=\"en\" xml_lang=\"en\">Opening doors<\/span><\/p>\n<\/p>\n<\/td>\n<td style=\"border:dashed #BBBBBB 1pt;padding:0.75pt 0.75pt 0.75pt 0.75pt;\">\n<ul style=\"margin-top:0cm;\" type=\"disc\">\n<li class=\"MsoNormal\"><span lang=\"en\" xml_lang=\"en\">Da<\/span>\n<\/p>\n<\/li>\n<\/ul>\n<\/td>\n<\/tr>\n<tr>\n<td style=\"border:dashed #BBBBBB 1pt;padding:0.75pt 0.75pt 0.75pt 0.75pt;\">\n<p class=\"MsoNormal\"><span lang=\"en\" xml_lang=\"en\">Trunk<\/span><\/p>\n<\/p>\n<\/td>\n<td style=\"border:dashed #BBBBBB 1pt;padding:0.75pt 0.75pt 0.75pt 0.75pt;\">\n<ul style=\"margin-top:0cm;\" type=\"disc\">\n<li class=\"MsoNormal\"><span lang=\"en\" xml_lang=\"en\">Back: 74x17x28 cm<\/span>\n<\/p>\n<\/li>\n<\/ul>\n<\/td>\n<\/tr>\n<tr>\n<td style=\"border:dashed #BBBBBB 1pt;padding:0.75pt 0.75pt 0.75pt 0.75pt;\">\n<p class=\"MsoNormal\"><span lang=\"en\" xml_lang=\"en\">Dimensions<\/span><\/p>\n<\/p>\n<\/td>\n<td style=\"border:dashed #BBBBBB 1pt;padding:0.75pt 0.75pt 0.75pt 0.75pt;\">\n<p class=\"MsoNormal\"><span lang=\"en\" xml_lang=\"en\"> <\/span><\/p>\n<\/p>\n<\/td>\n<\/tr>\n<tr>\n<td style=\"border:dashed #BBBBBB 1pt;padding:0.75pt 0.75pt 0.75pt 0.75pt;\">\n<p class=\"MsoNormal\"><span lang=\"en\" xml_lang=\"en\">Vehicle Size<\/span><\/p>\n<\/p>\n<\/td>\n<td style=\"border:dashed #BBBBBB 1pt;padding:0.75pt 0.75pt 0.75pt 0.75pt;\">\n<ul style=\"margin-top:0cm;\" type=\"disc\">\n<li class=\"MsoNormal\"><span lang=\"en\" xml_lang=\"en\">Length 178 cm<\/span>\n<\/p>\n<\/li>\n<li class=\"MsoNormal\"><span lang=\"en\" xml_lang=\"en\">Width 115 cm<\/span>\n<\/p>\n<\/li>\n<li class=\"MsoNormal\"><span lang=\"en\" xml_lang=\"en\">Height 80 cm,<\/span>\n<\/p>\n<\/li>\n<\/ul>\n<\/td>\n<\/tr>\n<tr>\n<td style=\"border:dashed #BBBBBB 1pt;padding:0.75pt 0.75pt 0.75pt 0.75pt;\">\n<p class=\"MsoNormal\"><span lang=\"en\" xml_lang=\"en\">Greutatea vehiculului<\/span><\/p>\n<\/p>\n<\/td>\n<td style=\"border:dashed #BBBBBB 1pt;padding:0.75pt 0.75pt 0.75pt 0.75pt;\">\n<p class=\"MsoNormal\"><span lang=\"en\" xml_lang=\"en\">79kg<\/span><\/p>\n<\/p>\n<\/td>\n<\/tr>\n<tr>\n<td style=\"border:dashed #BBBBBB 1pt;padding:0.75pt 0.75pt 0.75pt 0.75pt;\">\n<p class=\"MsoNormal\"><span lang=\"en\" xml_lang=\"en\">Dimensiunea cartonului<\/span><\/p>\n<\/p>\n<\/td>\n<td style=\"border:dashed #BBBBBB 1pt;padding:0.75pt 0.75pt 0.75pt 0.75pt;\">\n<p class=\"MsoNormal\"><span lang=\"en\" xml_lang=\"en\">178x76x65 cm<\/span><\/p>\n<\/p>\n<\/td>\n<\/tr>\n<tr>\n<td style=\"border:dashed #BBBBBB 1pt;padding:0.75pt 0.75pt 0.75pt 0.75pt;\">\n<p class=\"MsoNormal\"><span lang=\"en\" xml_lang=\"en\">Greutatea cartonului<\/span><\/p>\n<\/p>\n<\/td>\n<td style=\"border:dashed #BBBBBB 1pt;padding:0.75pt 0.75pt 0.75pt 0.75pt;\">\n<p class=\"MsoNormal\"><span lang=\"en\" xml_lang=\"en\">90 Kg<\/span><\/p>\n<\/p>\n<\/td>\n<\/tr>\n<tr>\n<td style=\"border:dashed #BBBBBB 1pt;padding:0.75pt 0.75pt 0.75pt 0.75pt;\">\n<p class=\"MsoNormal\"><span lang=\"en\" xml_lang=\"en\">\u00cenc\u0103rcare maxim\u0103<\/span><\/p>\n<\/p>\n<\/td>\n<td style=\"border:dashed #BBBBBB 1pt;padding:0.75pt 0.75pt 0.75pt 0.75pt;\">\n<p class=\"MsoNormal\"><span lang=\"en\" xml_lang=\"en\">100 Kg<\/span><\/p>\n<\/p>\n<\/td>\n<\/tr>\n<tr>\n<td style=\"border:dashed #BBBBBB 1pt;padding:0.75pt 0.75pt 0.75pt 0.75pt;\">\n<p class=\"MsoNormal\"><span lang=\"en\" xml_lang=\"en\">Garda la sol<\/span><\/p>\n<\/p>\n<\/td>\n<td style=\"border:dashed #BBBBBB 1pt;padding:0.75pt 0.75pt 0.75pt 0.75pt;\">\n<p class=\"MsoNormal\"><span lang=\"en\" xml_lang=\"en\">17cm<\/span><\/p>\n<\/p>\n<\/td>\n<\/tr>\n<tr>\n<td style=\"border:dashed #BBBBBB 1pt;padding:0.75pt 0.75pt 0.75pt 0.75pt;\">\n<p class=\"MsoNormal\"><span lang=\"en\" xml_lang=\"en\">Echipament suplimentar<\/span><\/p>\n<\/p>\n<\/td>\n<td style=\"border:dashed #BBBBBB 1pt;padding:0.75pt 0.75pt 0.75pt 0.75pt;\"><\/td>\n<\/tr>\n<tr>\n<td style=\"border:dashed #BBBBBB 1pt;padding:0.75pt 0.75pt 0.75pt 0.75pt;\">\n<p class=\"MsoNormal\"><span lang=\"en\" xml_lang=\"en\">Instructions + Mounting Kit<\/span><\/p>\n<\/p>\n<\/td>\n<td style=\"border:none;padding:0.75pt 0.75pt 0.75pt 0.75pt;\"><\/td>\n<\/tr>\n<tr>\n<td style=\"border:dashed #BBBBBB 1pt;padding:0.75pt 0.75pt 0.75pt 0.75pt;\">\n<p class=\"MsoNormal\"><span lang=\"en\" xml_lang=\"en\">Case<\/span><\/p>\n<\/p>\n<\/td>\n<td style=\"border:none;padding:0.75pt 0.75pt 0.75pt 0.75pt;\"><\/td>\n<\/tr>\n<\/tbody>\n<\/table>\n<p>____________<\/p>\n<p>RMZb2b | ID: 16769 | Symbol: PA.A1000.BIA | EAN: 5903864984309<\/p>\n<p>Size: 178x106x65<br \/>\nWeight: 89.000000<\/p>\n","protected":false},"excerpt":{"rendered":"<p>Specification Mercedes Benz MAYBACH G650 Engine 4x200W Battery 24V14Ah Wheels Ro\u021bi EVA, 38x12cm Shock absorbers Back Curse Pornire lent\u0103, Fa\u021b\u0103\/Spate 2 speeds. Lights LED lights, Front, Spate, Reverse lights when the gear is engaged to the rear Brake light on when brake pressed Comutator de lumin\u0103 Equipment Panou Audio \u00b7 Touch panel MP4, Bluetooth, Panel<\/p>\n","protected":false},"featured_media":193200,"comment_status":"closed","ping_status":"open","template":"","meta":{"give_campaign_id":0,"_surecart_dashboard_logo_width":"180px","_surecart_dashboard_show_logo":true,"_surecart_dashboard_navigation_orders":true,"_surecart_dashboard_navigation_invoices":true,"_surecart_dashboard_navigation_subscriptions":true,"_surecart_dashboard_navigation_downloads":true,"_surecart_dashboard_navigation_billing":true,"_surecart_dashboard_navigation_account":true,"site-sidebar-layout":"default","site-content-layout":"plain-container","ast-site-content-layout":"full-width-container","site-content-style":"default","site-sidebar-style":"default","ast-global-header-display":"","ast-banner-title-visibility":"","ast-main-header-display":"","ast-hfb-above-header-display":"","ast-hfb-below-header-display":"","ast-hfb-mobile-header-display":"","site-post-title":"","ast-breadcrumbs-content":"","ast-featured-img":"","footer-sml-layout":"","ast-disable-related-posts":"","theme-transparent-header-meta":"default","adv-header-id-meta":"","stick-header-meta":"default","header-above-stick-meta":"","header-main-stick-meta":"","header-below-stick-meta":"","astra-migrate-meta-layouts":"default","ast-page-background-enabled":"default","ast-page-background-meta":{"desktop":{"background-color":"","background-image":"","background-repeat":"repeat","background-position":"center center","background-size":"auto","background-attachment":"scroll","background-type":"","background-media":"","overlay-type":"","overlay-color":"","overlay-opacity":"","overlay-gradient":""},"tablet":{"background-color":"","background-image":"","background-repeat":"repeat","background-position":"center center","background-size":"auto","background-attachment":"scroll","background-type":"","background-media":"","overlay-type":"","overlay-color":"","overlay-opacity":"","overlay-gradient":""},"mobile":{"background-color":"","background-image":"","background-repeat":"repeat","background-position":"center center","background-size":"auto","background-attachment":"scroll","background-type":"","background-media":"","overlay-type":"","overlay-color":"","overlay-opacity":"","overlay-gradient":""}},"ast-content-background-meta":{"desktop":{"background-color":"var(--ast-global-color-5)","background-image":"","background-repeat":"repeat","background-position":"center center","background-size":"auto","background-attachment":"scroll","background-type":"","background-media":"","overlay-type":"","overlay-color":"","overlay-opacity":"","overlay-gradient":""},"tablet":{"background-color":"var(--ast-global-color-5)","background-image":"","background-repeat":"repeat","background-position":"center center","background-size":"auto","background-attachment":"scroll","background-type":"","background-media":"","overlay-type":"","overlay-color":"","overlay-opacity":"","overlay-gradient":""},"mobile":{"background-color":"var(--ast-global-color-5)","background-image":"","background-repeat":"repeat","background-position":"center center","background-size":"auto","background-attachment":"scroll","background-type":"","background-media":"","overlay-type":"","overlay-color":"","overlay-opacity":"","overlay-gradient":""}}},"product_brand":[810],"product_cat":[15],"product_tag":[],"class_list":{"0":"post-195107","1":"product","2":"type-product","3":"status-publish","4":"has-post-thumbnail","6":"product_brand-mercedes-benz","7":"product_cat-uncategorized","8":"desktop-align-left","9":"tablet-align-left","10":"mobile-align-left","11":"ast-product-gallery-layout-horizontal-slider","12":"ast-product-gallery-with-no-image","13":"ast-product-tabs-layout-accordion","14":"ast-qv-on-image","16":"first","17":"instock","18":"purchasable","19":"product-type-simple"},"acf":[],"_links":{"self":[{"href":"https:\/\/casutajucariilor.ro\/en\/wp-json\/wp\/v2\/product\/195107","targetHints":{"allow":["GET"]}}],"collection":[{"href":"https:\/\/casutajucariilor.ro\/en\/wp-json\/wp\/v2\/product"}],"about":[{"href":"https:\/\/casutajucariilor.ro\/en\/wp-json\/wp\/v2\/types\/product"}],"replies":[{"embeddable":true,"href":"https:\/\/casutajucariilor.ro\/en\/wp-json\/wp\/v2\/comments?post=195107"}],"version-history":[{"count":0,"href":"https:\/\/casutajucariilor.ro\/en\/wp-json\/wp\/v2\/product\/195107\/revisions"}],"wp:featuredmedia":[{"embeddable":true,"href":"https:\/\/casutajucariilor.ro\/en\/wp-json\/wp\/v2\/media\/193200"}],"wp:attachment":[{"href":"https:\/\/casutajucariilor.ro\/en\/wp-json\/wp\/v2\/media?parent=195107"}],"wp:term":[{"taxonomy":"product_brand","embeddable":true,"href":"https:\/\/casutajucariilor.ro\/en\/wp-json\/wp\/v2\/product_brand?post=195107"},{"taxonomy":"product_cat","embeddable":true,"href":"https:\/\/casutajucariilor.ro\/en\/wp-json\/wp\/v2\/product_cat?post=195107"},{"taxonomy":"product_tag","embeddable":true,"href":"https:\/\/casutajucariilor.ro\/en\/wp-json\/wp\/v2\/product_tag?post=195107"}],"curies":[{"name":"wp","href":"https:\/\/api.w.org\/{rel}","templated":true}]}}