{"id":195146,"date":"2025-04-28T02:58:30","date_gmt":"2025-04-27T23:58:30","guid":{"rendered":"https:\/\/casutajucariilor.ro\/produs\/porsche-spyder-rs-718-vehicle-black\/?currency=ron"},"modified":"2025-04-28T02:59:00","modified_gmt":"2025-04-27T23:59:00","slug":"porsche-spyder-rs-718-vehicle-black","status":"publish","type":"product","link":"https:\/\/casutajucariilor.ro\/en\/produs\/porsche-spyder-rs-718-vehicle-black\/","title":{"rendered":"Porsche Spyder RS 718 vehicle Black"},"content":{"rendered":"<table class=\"MsoNormalTable\" border=\"1\" cellpadding=\"0\" style=\"border:dashed #BBBBBB 1pt;\">\n<tbody>\n<tr>\n<td style=\"border:dashed #BBBBBB 1pt;padding:0.75pt 0.75pt 0.75pt 0.75pt;\">\n<p class=\"MsoNormal\"><span lang=\"en\" xml_lang=\"en\">Specification<\/span><\/p>\n<\/p>\n<\/td>\n<td style=\"border:dashed #BBBBBB 1pt;padding:0.75pt 0.75pt 0.75pt 0.75pt;\">\n<p class=\"MsoNormal\"><span lang=\"en\" xml_lang=\"en\">Porsche 718 vehicle<\/span><\/p>\n<\/p>\n<\/td>\n<\/tr>\n<tr>\n<td colspan=\"2\" style=\"border:dashed #BBBBBB 1pt;padding:0.75pt 0.75pt 0.75pt 0.75pt;\">\n<p class=\"MsoNormal\"><b><span lang=\"en\" xml_lang=\"en\">Official distributor of <\/span><\/b><span lang=\"en\" xml_lang=\"en\">the Porsche DK-P718 vehicle for <b>Poland, Czech Republic, Lithuania, Latvia, <\/b><br \/><b>Slovakia, Hungary, Estonia, Bosnia and Herzegovina, Montenegro, Serbia, Macedonia<\/b> <\/span> <\/p>\n<p class=\"MsoNormal\">(available for sale only in the countries listed)<\/p>\n<\/p>\n<\/td>\n<\/tr>\n<tr>\n<td style=\"border:dashed #BBBBBB 1pt;padding:0.75pt 0.75pt 0.75pt 0.75pt;\">\n<p class=\"MsoNormal\"><span lang=\"en\" xml_lang=\"en\">Engine<\/span><\/p>\n<\/p>\n<\/td>\n<td style=\"border:dashed #BBBBBB 1pt;padding:0.75pt 0.75pt 0.75pt 0.75pt;\">\n<p class=\"MsoNormal\"><span lang=\"en\" xml_lang=\"en\">2x45W<\/span><\/p>\n<\/p>\n<\/td>\n<\/tr>\n<tr>\n<td style=\"border:dashed #BBBBBB 1pt;padding:0.75pt 0.75pt 0.75pt 0.75pt;\">\n<p class=\"MsoNormal\"><span lang=\"en\" xml_lang=\"en\">Battery<\/span><\/p>\n<\/p>\n<\/td>\n<td style=\"border:dashed #BBBBBB 1pt;padding:0.75pt 0.75pt 0.75pt 0.75pt;\">\n<p class=\"MsoNormal\"><span lang=\"en\" xml_lang=\"en\">12V7Ah<\/span><\/p>\n<\/p>\n<\/td>\n<\/tr>\n<tr>\n<td style=\"border:dashed #BBBBBB 1pt;padding:0.75pt 0.75pt 0.75pt 0.75pt;\">\n<p class=\"MsoNormal\"><span lang=\"en\" xml_lang=\"en\">Remote Control<\/span><\/p>\n<\/p>\n<\/td>\n<td style=\"border:dashed #BBBBBB 1pt;padding:0.75pt 0.75pt 0.75pt 0.75pt;\">\n<ul style=\"margin-top:0cm;\" type=\"disc\">\n<li class=\"MsoNormal\"><span lang=\"en\" xml_lang=\"en\">2.4GHz<\/span>\n<\/p>\n<\/li>\n<li class=\"MsoNormal\"><span lang=\"en\" xml_lang=\"en\">Safety Stop Button<\/span>\n<\/p>\n<\/li>\n<li class=\"MsoNormal\"><span lang=\"en\" xml_lang=\"en\">3 Speeds,<\/span>\n<\/p>\n<\/li>\n<\/ul>\n<\/td>\n<\/tr>\n<tr>\n<td style=\"border:dashed #BBBBBB 1pt;padding:0.75pt 0.75pt 0.75pt 0.75pt;\">\n<p class=\"MsoNormal\"><span lang=\"en\" xml_lang=\"en\">Wheels<\/span><\/p>\n<\/p>\n<\/td>\n<td style=\"border:dashed #BBBBBB 1pt;padding:0.75pt 0.75pt 0.75pt 0.75pt;\">\n<ul style=\"margin-top:0cm;\" type=\"disc\">\n<li class=\"MsoNormal\"><span lang=\"en\" xml_lang=\"en\">EVA foam wheels<\/span>\n<\/p>\n<\/li>\n<li class=\"MsoNormal\"><span lang=\"en\" xml_lang=\"en\">22x8cm,<\/span>\n<\/p>\n<\/li>\n<\/ul>\n<\/td>\n<\/tr>\n<tr>\n<td style=\"border:dashed #BBBBBB 1pt;padding:0.75pt 0.75pt 0.75pt 0.75pt;\">\n<p class=\"MsoNormal\"><span lang=\"en\" xml_lang=\"en\">Shock absorbers<\/span><\/p>\n<\/p>\n<\/td>\n<td style=\"border:dashed #BBBBBB 1pt;padding:0.75pt 0.75pt 0.75pt 0.75pt;\">\n<p class=\"MsoNormal\"><span lang=\"en\" xml_lang=\"en\">2xfront <br \/>2xback<\/span><\/p>\n<\/p>\n<\/td>\n<\/tr>\n<tr>\n<td style=\"border:dashed #BBBBBB 1pt;padding:0.75pt 0.75pt 0.75pt 0.75pt;\">\n<p class=\"MsoNormal\"><span lang=\"en\" xml_lang=\"en\">Curse<\/span><\/p>\n<\/p>\n<\/td>\n<td style=\"border:dashed #BBBBBB 1pt;padding:0.75pt 0.75pt 0.75pt 0.75pt;\">\n<ul style=\"margin-top:0cm;\" type=\"disc\">\n<li class=\"MsoNormal\"><span lang=\"en\" xml_lang=\"en\">Pornire lent\u0103,<\/span>\n<\/p>\n<\/li>\n<li class=\"MsoNormal\"><span lang=\"en\" xml_lang=\"en\">Fa\u021b\u0103\/Spate<\/span>\n<\/p>\n<\/li>\n<\/ul>\n<\/td>\n<\/tr>\n<tr>\n<td style=\"border:dashed #BBBBBB 1pt;padding:0.75pt 0.75pt 0.75pt 0.75pt;\">\n<p class=\"MsoNormal\"><span lang=\"en\" xml_lang=\"en\">Lights<\/span><\/p>\n<\/p>\n<\/td>\n<td style=\"border:dashed #BBBBBB 1pt;padding:0.75pt 0.75pt 0.75pt 0.75pt;\">\n<ul style=\"margin-top:0cm;\" type=\"disc\">\n<li class=\"MsoNormal\"><span lang=\"en\" xml_lang=\"en\">LED lights,<\/span>\n<\/p>\n<\/li>\n<li class=\"MsoNormal\"><span lang=\"en\" xml_lang=\"en\">Fa\u021b\u0103\/Spate<\/span>\n<\/p>\n<\/li>\n<\/ul>\n<\/td>\n<\/tr>\n<tr>\n<td style=\"border:dashed #BBBBBB 1pt;padding:0.75pt 0.75pt 0.75pt 0.75pt;\">\n<p class=\"MsoNormal\"><span lang=\"en\" xml_lang=\"en\">Equipment<\/span><\/p>\n<\/p>\n<\/td>\n<td style=\"border:dashed #BBBBBB 1pt;padding:0.75pt 0.75pt 0.75pt 0.75pt;\"><\/td>\n<\/tr>\n<tr>\n<td style=\"border:dashed #BBBBBB 1pt;padding:0.75pt 0.75pt 0.75pt 0.75pt;\">\n<p class=\"MsoNormal\"><span lang=\"en\" xml_lang=\"en\">Panou Audio<\/span><\/p>\n<\/p>\n<\/td>\n<td style=\"border:dashed #BBBBBB 1pt;padding:0.75pt 0.75pt 0.75pt 0.75pt;\">\n<ul style=\"margin-top:0cm;\" type=\"disc\">\n<li class=\"MsoNormal\"><span lang=\"en\" xml_lang=\"en\">MP3<\/span>\n<\/p>\n<\/li>\n<li class=\"MsoNormal\"><span lang=\"en\" xml_lang=\"en\">AUX,<\/span>\n<\/p>\n<\/li>\n<li class=\"MsoNormal\"><span lang=\"en\" xml_lang=\"en\">USB<\/span>\n<\/p>\n<\/li>\n<li class=\"MsoNormal\"><span lang=\"en\" xml_lang=\"en\">FM radio<\/span>\n<\/p>\n<\/li>\n<li class=\"MsoNormal\"><span lang=\"en\" xml_lang=\"en\">Steering Wheel Sounds,<\/span>\n<\/p>\n<\/li>\n<li class=\"MsoNormal\"><span lang=\"en\" xml_lang=\"en\">Bluetooth<\/span>\n<\/p>\n<\/li>\n<\/ul>\n<\/td>\n<\/tr>\n<tr>\n<td style=\"border:dashed #BBBBBB 1pt;padding:0.75pt 0.75pt 0.75pt 0.75pt;\">\n<p class=\"MsoNormal\"><span lang=\"en\" xml_lang=\"en\">Charge Indicator<\/span><\/p>\n<\/p>\n<\/td>\n<td style=\"border:dashed #BBBBBB 1pt;padding:0.75pt 0.75pt 0.75pt 0.75pt;\">\n<p class=\"MsoNormal\"><span lang=\"en\" xml_lang=\"en\">Da<\/span><\/p>\n<\/p>\n<\/td>\n<\/tr>\n<tr>\n<td style=\"border:dashed #BBBBBB 1pt;padding:0.75pt 0.75pt 0.75pt 0.75pt;\">\n<p class=\"MsoNormal\"><span lang=\"en\" xml_lang=\"en\">Pornire<\/span><\/p>\n<\/p>\n<\/td>\n<td style=\"border:dashed #BBBBBB 1pt;padding:0.75pt 0.75pt 0.75pt 0.75pt;\">\n<p class=\"MsoNormal\"><span lang=\"en\" xml_lang=\"en\">Engine Sounds Switch<\/span><\/p>\n<\/p>\n<\/td>\n<\/tr>\n<tr>\n<td style=\"border:dashed #BBBBBB 1pt;padding:0.75pt 0.75pt 0.75pt 0.75pt;\">\n<p class=\"MsoNormal\"><span lang=\"en\" xml_lang=\"en\">Scaun<\/span><\/p>\n<\/p>\n<\/td>\n<td style=\"border:dashed #BBBBBB 1pt;padding:0.75pt 0.75pt 0.75pt 0.75pt;\">\n<ul style=\"margin-top:0cm;\" type=\"disc\">\n<li class=\"MsoNormal\"><span lang=\"en\" xml_lang=\"en\">Eco-leather<\/span>\n<\/p>\n<\/li>\n<li class=\"MsoNormal\"><span lang=\"en\" xml_lang=\"en\">35x20x26cm,<\/span>\n<\/p>\n<\/li>\n<li class=\"MsoNormal\"><span lang=\"en\" xml_lang=\"en\">Seat belts<\/span>\n<\/p>\n<\/li>\n<\/ul>\n<\/td>\n<\/tr>\n<tr>\n<td style=\"border:dashed #BBBBBB 1pt;padding:0.75pt 0.75pt 0.75pt 0.75pt;\">\n<p class=\"MsoNormal\"><span lang=\"en\" xml_lang=\"en\">Opening Doors<\/span><\/p>\n<\/p>\n<\/td>\n<td style=\"border:dashed #BBBBBB 1pt;padding:0.75pt 0.75pt 0.75pt 0.75pt;\">\n<p class=\"MsoNormal\"><span lang=\"en\" xml_lang=\"en\">Da<\/span><\/p>\n<\/p>\n<\/td>\n<\/tr>\n<tr>\n<td style=\"border:dashed #BBBBBB 1pt;padding:0.75pt 0.75pt 0.75pt 0.75pt;\">\n<p class=\"MsoNormal\"><span lang=\"en\" xml_lang=\"en\">Dimensions<\/span><\/p>\n<\/p>\n<\/td>\n<td style=\"border:dashed #BBBBBB 1pt;padding:0.75pt 0.75pt 0.75pt 0.75pt;\">\n<p class=\"MsoNormal\"><span lang=\"en\" xml_lang=\"en\"> <\/span><\/p>\n<\/p>\n<\/td>\n<\/tr>\n<tr>\n<td style=\"border:dashed #BBBBBB 1pt;padding:0.75pt 0.75pt 0.75pt 0.75pt;\">\n<p class=\"MsoNormal\"><span lang=\"en\" xml_lang=\"en\">Vehicle Size<\/span><\/p>\n<\/p>\n<\/td>\n<td style=\"border:dashed #BBBBBB 1pt;padding:0.75pt 0.75pt 0.75pt 0.75pt;\">\n<ul style=\"margin-top:0cm;\" type=\"disc\">\n<li class=\"MsoNormal\"><span lang=\"en\" xml_lang=\"en\">Length 108 cm,<\/span>\n<\/p>\n<\/li>\n<li class=\"MsoNormal\"><span lang=\"en\" xml_lang=\"en\">Width 66 cm,<\/span>\n<\/p>\n<\/li>\n<li class=\"MsoNormal\"><span lang=\"en\" xml_lang=\"en\">Height 44cm,<\/span>\n<\/p>\n<\/li>\n<\/ul>\n<\/td>\n<\/tr>\n<tr>\n<td style=\"border:dashed #BBBBBB 1pt;padding:0.75pt 0.75pt 0.75pt 0.75pt;\">\n<p class=\"MsoNormal\"><span lang=\"en\" xml_lang=\"en\">Greutatea vehiculului<\/span><\/p>\n<\/p>\n<\/td>\n<td style=\"border:dashed #BBBBBB 1pt;padding:0.75pt 0.75pt 0.75pt 0.75pt;\">\n<p class=\"MsoNormal\"><span lang=\"en\" xml_lang=\"en\">14.5 Kg,<\/span><\/p>\n<\/p>\n<\/td>\n<\/tr>\n<tr>\n<td style=\"border:dashed #BBBBBB 1pt;padding:0.75pt 0.75pt 0.75pt 0.75pt;\">\n<p class=\"MsoNormal\"><span lang=\"en\" xml_lang=\"en\">Dimensiunea cartonului<\/span><\/p>\n<\/p>\n<\/td>\n<td style=\"border:dashed #BBBBBB 1pt;padding:0.75pt 0.75pt 0.75pt 0.75pt;\">\n<p class=\"MsoNormal\"><span lang=\"en\" xml_lang=\"en\">110&#215;56.5&#215;29.5cm,<\/span><\/p>\n<\/p>\n<\/td>\n<\/tr>\n<tr>\n<td style=\"border:dashed #BBBBBB 1pt;padding:0.75pt 0.75pt 0.75pt 0.75pt;\">\n<p class=\"MsoNormal\"><span lang=\"en\" xml_lang=\"en\">Greutatea cartonului<\/span><\/p>\n<\/p>\n<\/td>\n<td style=\"border:dashed #BBBBBB 1pt;padding:0.75pt 0.75pt 0.75pt 0.75pt;\">\n<p class=\"MsoNormal\"><span lang=\"en\" xml_lang=\"en\">18.5 Kg,<\/span><\/p>\n<\/p>\n<\/td>\n<\/tr>\n<tr>\n<td style=\"border:dashed #BBBBBB 1pt;padding:0.75pt 0.75pt 0.75pt 0.75pt;\">\n<p class=\"MsoNormal\"><span lang=\"en\" xml_lang=\"en\">\u00cenc\u0103rcare maxim\u0103<\/span><\/p>\n<\/p>\n<\/td>\n<td style=\"border:dashed #BBBBBB 1pt;padding:0.75pt 0.75pt 0.75pt 0.75pt;\">\n<p class=\"MsoNormal\"><span lang=\"en\" xml_lang=\"en\">30Kg,<\/span><\/p>\n<\/p>\n<\/td>\n<\/tr>\n<tr>\n<td style=\"border:dashed #BBBBBB 1pt;padding:0.75pt 0.75pt 0.75pt 0.75pt;\">\n<p class=\"MsoNormal\"><span lang=\"en\" xml_lang=\"en\">Garda la sol<\/span><\/p>\n<\/p>\n<\/td>\n<td style=\"border:dashed #BBBBBB 1pt;padding:0.75pt 0.75pt 0.75pt 0.75pt;\">\n<p class=\"MsoNormal\"><span lang=\"en\" xml_lang=\"en\">8 cm<\/span><\/p>\n<\/p>\n<\/td>\n<\/tr>\n<tr>\n<td style=\"border:dashed #BBBBBB 1pt;padding:0.75pt 0.75pt 0.75pt 0.75pt;\">\n<p class=\"MsoNormal\"><span lang=\"en\" xml_lang=\"en\">Echipament suplimentar<\/span><\/p>\n<\/p>\n<\/td>\n<td style=\"border:dashed #BBBBBB 1pt;padding:0.75pt 0.75pt 0.75pt 0.75pt;\"><\/td>\n<\/tr>\n<tr>\n<td style=\"border:dashed #BBBBBB 1pt;padding:0.75pt 0.75pt 0.75pt 0.75pt;\">\n<p class=\"MsoNormal\"><span lang=\"en\" xml_lang=\"en\">Instructions + Mounting Kit<\/span><\/p>\n<\/p>\n<\/td>\n<td style=\"border:none;padding:0.75pt 0.75pt 0.75pt 0.75pt;\"><\/td>\n<\/tr>\n<tr>\n<td style=\"border:dashed #BBBBBB 1pt;padding:0.75pt 0.75pt 0.75pt 0.75pt;\">\n<p class=\"MsoNormal\"><span lang=\"en\" xml_lang=\"en\">Charger<\/span><\/p>\n<\/p>\n<\/td>\n<td style=\"border:none;padding:0.75pt 0.75pt 0.75pt 0.75pt;\"><\/td>\n<\/tr>\n<tr>\n<td style=\"border:dashed #BBBBBB 1pt;padding:0.75pt 0.75pt 0.75pt 0.75pt;\">\n<p class=\"MsoNormal\"><span lang=\"en\" xml_lang=\"en\">Mini Jack Cable<\/span><\/p>\n<\/p>\n<\/td>\n<td style=\"border:none;padding:0.75pt 0.75pt 0.75pt 0.75pt;\"><\/td>\n<\/tr>\n<tr>\n<td style=\"border:dashed #BBBBBB 1pt;padding:0.75pt 0.75pt 0.75pt 0.75pt;\">\n<p class=\"MsoNormal\"><span lang=\"en\" xml_lang=\"en\">Remote Control<\/span><\/p>\n<\/p>\n<\/td>\n<td style=\"border:none;padding:0.75pt 0.75pt 0.75pt 0.75pt;\"><\/td>\n<\/tr>\n<tr>\n<td style=\"border:dashed #BBBBBB 1pt;padding:0.75pt 0.75pt 0.75pt 0.75pt;\">\n<p class=\"MsoNormal\"><span lang=\"en\" xml_lang=\"en\">Case<\/span><\/p>\n<\/p>\n<\/td>\n<td style=\"border:none;padding:0.75pt 0.75pt 0.75pt 0.75pt;\"><\/td>\n<\/tr>\n<\/tbody>\n<\/table>\n<p>____________<\/p>\n<p>RMZb2b | ID: 16027 | Symbol: PA.DK-P718.CZ | EAN: 5903864946932<\/p>\n<p>Size: 110x57x30<br \/>\nWeight: 18.650000<\/p>\n","protected":false},"excerpt":{"rendered":"<p>Specification Porsche 718 vehicle Official distributor of the Porsche DK-P718 vehicle for Poland, Czech Republic, Lithuania, Latvia, Slovakia, Hungary, Estonia, Bosnia and Herzegovina, Montenegro, Serbia, Macedonia (available for sale only in the countries listed) Engine 2x45W Battery 12V7Ah Remote Control 2.4GHz Safety Stop Button 3 Speeds, Wheels EVA foam wheels 22x8cm, Shock absorbers 2xfront 2xback<\/p>\n","protected":false},"featured_media":191539,"comment_status":"closed","ping_status":"open","template":"","meta":{"give_campaign_id":0,"_surecart_dashboard_logo_width":"180px","_surecart_dashboard_show_logo":true,"_surecart_dashboard_navigation_orders":true,"_surecart_dashboard_navigation_invoices":true,"_surecart_dashboard_navigation_subscriptions":true,"_surecart_dashboard_navigation_downloads":true,"_surecart_dashboard_navigation_billing":true,"_surecart_dashboard_navigation_account":true,"site-sidebar-layout":"default","site-content-layout":"plain-container","ast-site-content-layout":"full-width-container","site-content-style":"default","site-sidebar-style":"default","ast-global-header-display":"","ast-banner-title-visibility":"","ast-main-header-display":"","ast-hfb-above-header-display":"","ast-hfb-below-header-display":"","ast-hfb-mobile-header-display":"","site-post-title":"","ast-breadcrumbs-content":"","ast-featured-img":"","footer-sml-layout":"","ast-disable-related-posts":"","theme-transparent-header-meta":"default","adv-header-id-meta":"","stick-header-meta":"default","header-above-stick-meta":"","header-main-stick-meta":"","header-below-stick-meta":"","astra-migrate-meta-layouts":"default","ast-page-background-enabled":"default","ast-page-background-meta":{"desktop":{"background-color":"","background-image":"","background-repeat":"repeat","background-position":"center center","background-size":"auto","background-attachment":"scroll","background-type":"","background-media":"","overlay-type":"","overlay-color":"","overlay-opacity":"","overlay-gradient":""},"tablet":{"background-color":"","background-image":"","background-repeat":"repeat","background-position":"center center","background-size":"auto","background-attachment":"scroll","background-type":"","background-media":"","overlay-type":"","overlay-color":"","overlay-opacity":"","overlay-gradient":""},"mobile":{"background-color":"","background-image":"","background-repeat":"repeat","background-position":"center center","background-size":"auto","background-attachment":"scroll","background-type":"","background-media":"","overlay-type":"","overlay-color":"","overlay-opacity":"","overlay-gradient":""}},"ast-content-background-meta":{"desktop":{"background-color":"var(--ast-global-color-5)","background-image":"","background-repeat":"repeat","background-position":"center center","background-size":"auto","background-attachment":"scroll","background-type":"","background-media":"","overlay-type":"","overlay-color":"","overlay-opacity":"","overlay-gradient":""},"tablet":{"background-color":"var(--ast-global-color-5)","background-image":"","background-repeat":"repeat","background-position":"center center","background-size":"auto","background-attachment":"scroll","background-type":"","background-media":"","overlay-type":"","overlay-color":"","overlay-opacity":"","overlay-gradient":""},"mobile":{"background-color":"var(--ast-global-color-5)","background-image":"","background-repeat":"repeat","background-position":"center center","background-size":"auto","background-attachment":"scroll","background-type":"","background-media":"","overlay-type":"","overlay-color":"","overlay-opacity":"","overlay-gradient":""}}},"product_brand":[812],"product_cat":[15],"product_tag":[],"class_list":{"0":"post-195146","1":"product","2":"type-product","3":"status-publish","4":"has-post-thumbnail","6":"product_brand-porsche","7":"product_cat-uncategorized","8":"desktop-align-left","9":"tablet-align-left","10":"mobile-align-left","11":"ast-product-gallery-layout-horizontal-slider","12":"ast-product-gallery-with-no-image","13":"ast-product-tabs-layout-accordion","14":"ast-qv-on-image","16":"first","17":"instock","18":"purchasable","19":"product-type-simple"},"acf":[],"_links":{"self":[{"href":"https:\/\/casutajucariilor.ro\/en\/wp-json\/wp\/v2\/product\/195146","targetHints":{"allow":["GET"]}}],"collection":[{"href":"https:\/\/casutajucariilor.ro\/en\/wp-json\/wp\/v2\/product"}],"about":[{"href":"https:\/\/casutajucariilor.ro\/en\/wp-json\/wp\/v2\/types\/product"}],"replies":[{"embeddable":true,"href":"https:\/\/casutajucariilor.ro\/en\/wp-json\/wp\/v2\/comments?post=195146"}],"version-history":[{"count":0,"href":"https:\/\/casutajucariilor.ro\/en\/wp-json\/wp\/v2\/product\/195146\/revisions"}],"wp:featuredmedia":[{"embeddable":true,"href":"https:\/\/casutajucariilor.ro\/en\/wp-json\/wp\/v2\/media\/191539"}],"wp:attachment":[{"href":"https:\/\/casutajucariilor.ro\/en\/wp-json\/wp\/v2\/media?parent=195146"}],"wp:term":[{"taxonomy":"product_brand","embeddable":true,"href":"https:\/\/casutajucariilor.ro\/en\/wp-json\/wp\/v2\/product_brand?post=195146"},{"taxonomy":"product_cat","embeddable":true,"href":"https:\/\/casutajucariilor.ro\/en\/wp-json\/wp\/v2\/product_cat?post=195146"},{"taxonomy":"product_tag","embeddable":true,"href":"https:\/\/casutajucariilor.ro\/en\/wp-json\/wp\/v2\/product_tag?post=195146"}],"curies":[{"name":"wp","href":"https:\/\/api.w.org\/{rel}","templated":true}]}}