{"id":195148,"date":"2025-04-28T03:11:16","date_gmt":"2025-04-28T00:11:16","guid":{"rendered":"https:\/\/casutajucariilor.ro\/produs\/vehicle-motor-pit-bike-green\/?currency=ron"},"modified":"2025-04-22T14:46:42","modified_gmt":"2025-04-22T11:46:42","slug":"vehicle-motor-pit-bike-green","status":"publish","type":"product","link":"https:\/\/casutajucariilor.ro\/en\/produs\/vehicle-motor-pit-bike-green\/","title":{"rendered":"Vehicle Motor PIT BIKE Green"},"content":{"rendered":"<table class=\"MsoNormalTable\" border=\"1\" cellpadding=\"0\" style=\"border:dashed #BBBBBB 1pt;\">\n<tbody>\n<tr>\n<td style=\"border:dashed #BBBBBB 1pt;padding:0.75pt 0.75pt 0.75pt 0.75pt;\">\n<p class=\"MsoNormal\"><span lang=\"en\" xml_lang=\"en\">Specification<\/span><\/p>\n<\/p>\n<\/td>\n<td style=\"border:dashed #BBBBBB 1pt;padding:0.75pt 0.75pt 0.75pt 0.75pt;\">\n<p class=\"MsoNormal\"><b><span lang=\"en\" xml_lang=\"en\">PIT BIKE motorbike<\/span><\/b><span lang=\"en\" xml_lang=\"en\"><\/span><\/p>\n<\/p>\n<\/td>\n<\/tr>\n<tr>\n<td style=\"border:dashed #BBBBBB 1pt;padding:0.75pt 0.75pt 0.75pt 0.75pt;\">\n<p class=\"MsoNormal\"><span lang=\"en\" xml_lang=\"en\">Specification<\/span><\/p>\n<\/p>\n<\/td>\n<td style=\"border:dashed #BBBBBB 1pt;padding:0.75pt 0.75pt 0.75pt 0.75pt;\">\n<ul style=\"margin-top:0cm;\" type=\"disc\">\n<li class=\"MsoNormal\"><span lang=\"en\" xml_lang=\"en\">solid, durable powder-coated frame<\/span>\n<\/p>\n<\/li>\n<li class=\"MsoNormal\"><span lang=\"en\" xml_lang=\"en\">reinforced rear swingarm<\/span>\n<\/p>\n<\/li>\n<li class=\"MsoNormal\"><span lang=\"en\" xml_lang=\"en\">high quality flexible plastics<\/span>\n<\/p>\n<\/li>\n<li class=\"MsoNormal\"><span lang=\"en\" xml_lang=\"en\">nameplate<\/span>\n<\/p>\n<\/li>\n<li class=\"MsoNormal\"><span lang=\"en\" xml_lang=\"en\">battery charge indicator<\/span>\n<\/p>\n<\/li>\n<li class=\"MsoNormal\"><span lang=\"en\" xml_lang=\"en\">speed control to choose from, secured with a key<\/span>\n<\/p>\n<\/li>\n<li class=\"MsoNormal\"><span lang=\"en\" xml_lang=\"en\">torque adjustment selectable secured with key<\/span>\n<\/p>\n<\/li>\n<\/ul>\n<\/td>\n<\/tr>\n<tr>\n<td style=\"border:dashed #BBBBBB 1pt;padding:0.75pt 0.75pt 0.75pt 0.75pt;\">\n<p class=\"MsoNormal\"><span lang=\"en\" xml_lang=\"en\">Cyanobacteria<\/span><\/p>\n<\/p>\n<\/td>\n<td style=\"border:dashed #BBBBBB 1pt;padding:0.75pt 0.75pt 0.75pt 0.75pt;\">\n<ul style=\"margin-top:0cm;\" type=\"disc\">\n<li class=\"MsoNormal\"><span lang=\"en\" xml_lang=\"en\">1000W<\/span>\n<\/p>\n<\/li>\n<\/ul>\n<\/td>\n<\/tr>\n<tr>\n<td style=\"border:dashed #BBBBBB 1pt;padding:0.75pt 0.75pt 0.75pt 0.75pt;\">\n<p class=\"MsoNormal\"><span lang=\"en\" xml_lang=\"en\">Battery<\/span><\/p>\n<\/p>\n<\/td>\n<td style=\"border:dashed #BBBBBB 1pt;padding:0.75pt 0.75pt 0.75pt 0.75pt;\">\n<p class=\"MsoNormal\"><span lang=\"en\" xml_lang=\"en\">36V10.4Ah lithium<\/span><\/p>\n<\/p>\n<\/td>\n<\/tr>\n<tr>\n<td style=\"border:dashed #BBBBBB 1pt;padding:0.75pt 0.75pt 0.75pt 0.75pt;\">\n<p class=\"MsoNormal\"><span lang=\"en\" xml_lang=\"en\">Tires<\/span><\/p>\n<\/p>\n<\/td>\n<td style=\"border:dashed #BBBBBB 1pt;padding:0.75pt 0.75pt 0.75pt 0.75pt;\">\n<ul style=\"margin-top:0cm;\" type=\"disc\">\n<li class=\"MsoNormal\"><span lang=\"en\" xml_lang=\"en\">inflatable tires<\/span>\n<\/p>\n<\/li>\n<li class=\"MsoNormal\"><span lang=\"en\" xml_lang=\"en\">with a thick tread<\/span>\n<\/p>\n<\/li>\n<li class=\"MsoNormal\"><span lang=\"en\" xml_lang=\"en\">front : 2.75-12<\/span>\n<\/p>\n<\/li>\n<li class=\"MsoNormal\"><span lang=\"en\" xml_lang=\"en\">back : 3-10<\/span>\n<\/p>\n<\/li>\n<\/ul>\n<\/td>\n<\/tr>\n<tr>\n<td style=\"border:dashed #BBBBBB 1pt;padding:0.75pt 0.75pt 0.75pt 0.75pt;\">\n<p class=\"MsoNormal\"><span lang=\"en\" xml_lang=\"en\">Braking system<\/span><\/p>\n<\/p>\n<\/td>\n<td style=\"border:dashed #BBBBBB 1pt;padding:0.75pt 0.75pt 0.75pt 0.75pt;\">\n<ul style=\"margin-top:0cm;\" type=\"disc\">\n<li class=\"MsoNormal\"><span lang=\"en\" xml_lang=\"en\">rear: disc brakes<\/span>\n<\/p>\n<\/li>\n<li class=\"MsoNormal\"><span lang=\"en\" xml_lang=\"en\">front: disc brakes<\/span>\n<\/p>\n<\/li>\n<\/ul>\n<\/td>\n<\/tr>\n<tr>\n<td style=\"border:dashed #BBBBBB 1pt;padding:0.75pt 0.75pt 0.75pt 0.75pt;\">\n<p class=\"MsoNormal\"><span lang=\"en\" xml_lang=\"en\">Suspension<\/span><\/p>\n<\/p>\n<\/td>\n<td style=\"border:dashed #BBBBBB 1pt;padding:0.75pt 0.75pt 0.75pt 0.75pt;\">\n<ul style=\"margin-top:0cm;\" type=\"disc\">\n<li class=\"MsoNormal\"><span lang=\"en\" xml_lang=\"en\">front &#8211; telescopic hydraulic<\/span>\n<\/p>\n<\/li>\n<li class=\"MsoNormal\"><span lang=\"en\" xml_lang=\"en\">rear &#8211; adjustable shock absorber<\/span>\n<\/p>\n<\/li>\n<\/ul>\n<\/td>\n<\/tr>\n<tr>\n<td style=\"border:dashed #BBBBBB 1pt;padding:0.75pt 0.75pt 0.75pt 0.75pt;\">\n<p class=\"MsoNormal\"><span lang=\"en\" xml_lang=\"en\">Drive<\/span><\/p>\n<\/p>\n<\/td>\n<td style=\"border:dashed #BBBBBB 1pt;padding:0.75pt 0.75pt 0.75pt 0.75pt;\">\n<p class=\"MsoNormal\"><span lang=\"en\" xml_lang=\"en\">Chain<\/span><\/p>\n<\/p>\n<\/td>\n<\/tr>\n<tr>\n<td style=\"border:dashed #BBBBBB 1pt;padding:0.75pt 0.75pt 0.75pt 0.75pt;\">\n<p class=\"MsoNormal\"><span lang=\"en\" xml_lang=\"en\">Scaun<\/span><\/p>\n<\/p>\n<\/td>\n<td style=\"border:dashed #BBBBBB 1pt;padding:0.75pt 0.75pt 0.75pt 0.75pt;\">\n<ul style=\"margin-top:0cm;\" type=\"disc\">\n<li class=\"MsoNormal\"><span lang=\"en\" xml_lang=\"en\">soft seat made of durable material<\/span>\n<\/p>\n<\/li>\n<li class=\"MsoNormal\"><span lang=\"en\" xml_lang=\"en\">waterproof<\/span>\n<\/p>\n<\/li>\n<li class=\"MsoNormal\"><span lang=\"en\" xml_lang=\"en\">size \u2013 51x13cm<\/span>\n<\/p>\n<\/li>\n<\/ul>\n<\/td>\n<\/tr>\n<tr>\n<td style=\"border:dashed #BBBBBB 1pt;padding:0.75pt 0.75pt 0.75pt 0.75pt;\">\n<p class=\"MsoNormal\"><span lang=\"en\" xml_lang=\"en\">Speed<\/span><\/p>\n<\/p>\n<\/td>\n<td style=\"border:dashed #BBBBBB 1pt;padding:0.75pt 0.75pt 0.75pt 0.75pt;\">\n<p class=\"MsoNormal\"><span lang=\"en\" xml_lang=\"en\">up to 33km\/h<\/span><\/p>\n<\/p>\n<\/td>\n<\/tr>\n<tr>\n<td style=\"border:dashed #BBBBBB 1pt;padding:0.75pt 0.75pt 0.75pt 0.75pt;\">\n<p class=\"MsoNormal\"><span lang=\"en\" xml_lang=\"en\">Dimensions<\/span><\/p>\n<\/p>\n<\/td>\n<td style=\"border:dashed #BBBBBB 1pt;padding:0.75pt 0.75pt 0.75pt 0.75pt;\">\n<p class=\"MsoNormal\"><span lang=\"en\" xml_lang=\"en\"> <\/span><\/p>\n<\/p>\n<\/td>\n<\/tr>\n<tr>\n<td style=\"border:dashed #BBBBBB 1pt;padding:0.75pt 0.75pt 0.75pt 0.75pt;\">\n<p class=\"MsoNormal\"><span lang=\"en\" xml_lang=\"en\">Vehicle Size<\/span><\/p>\n<\/p>\n<\/td>\n<td style=\"border:dashed #BBBBBB 1pt;padding:0.75pt 0.75pt 0.75pt 0.75pt;\">\n<ul style=\"margin-top:0cm;\" type=\"disc\">\n<li class=\"MsoNormal\"><span lang=\"en\" xml_lang=\"en\">Length 144cm,<\/span>\n<\/p>\n<\/li>\n<li class=\"MsoNormal\"><span lang=\"en\" xml_lang=\"en\">Width 71 cm,<\/span>\n<\/p>\n<\/li>\n<li class=\"MsoNormal\"><span lang=\"en\" xml_lang=\"en\">Height 90 cm,<\/span>\n<\/p>\n<\/li>\n<\/ul>\n<\/td>\n<\/tr>\n<tr>\n<td style=\"border:dashed #BBBBBB 1pt;padding:0.75pt 0.75pt 0.75pt 0.75pt;\">\n<p class=\"MsoNormal\"><span lang=\"en\" xml_lang=\"en\">Greutatea vehiculului<\/span><\/p>\n<\/p>\n<\/td>\n<td style=\"border:dashed #BBBBBB 1pt;padding:0.75pt 0.75pt 0.75pt 0.75pt;\">\n<p class=\"MsoNormal\"><span lang=\"en\" xml_lang=\"en\">40Kg,<\/span><\/p>\n<\/p>\n<\/td>\n<\/tr>\n<tr>\n<td style=\"border:dashed #BBBBBB 1pt;padding:0.75pt 0.75pt 0.75pt 0.75pt;\">\n<p class=\"MsoNormal\"><span lang=\"en\" xml_lang=\"en\">Dimensiunea cartonului<\/span><\/p>\n<\/p>\n<\/td>\n<td style=\"border:dashed #BBBBBB 1pt;padding:0.75pt 0.75pt 0.75pt 0.75pt;\">\n<p class=\"MsoNormal\"><span lang=\"en\" xml_lang=\"en\">131x38x65cm,<\/span><\/p>\n<\/p>\n<\/td>\n<\/tr>\n<tr>\n<td style=\"border:dashed #BBBBBB 1pt;padding:0.75pt 0.75pt 0.75pt 0.75pt;\">\n<p class=\"MsoNormal\"><span lang=\"en\" xml_lang=\"en\">Greutatea cartonului<\/span><\/p>\n<\/p>\n<\/td>\n<td style=\"border:dashed #BBBBBB 1pt;padding:0.75pt 0.75pt 0.75pt 0.75pt;\">\n<p class=\"MsoNormal\"><span lang=\"en\" xml_lang=\"en\">50Kg,<\/span><\/p>\n<\/p>\n<\/td>\n<\/tr>\n<tr>\n<td style=\"border:dashed #BBBBBB 1pt;padding:0.75pt 0.75pt 0.75pt 0.75pt;\">\n<p class=\"MsoNormal\"><span lang=\"en\" xml_lang=\"en\">\u00cenc\u0103rcare maxim\u0103<\/span><\/p>\n<\/p>\n<\/td>\n<td style=\"border:dashed #BBBBBB 1pt;padding:0.75pt 0.75pt 0.75pt 0.75pt;\">\n<p class=\"MsoNormal\"><span lang=\"en\" xml_lang=\"en\">90Kg,<\/span><\/p>\n<\/p>\n<\/td>\n<\/tr>\n<tr>\n<td style=\"border:dashed #BBBBBB 1pt;padding:0.75pt 0.75pt 0.75pt 0.75pt;\">\n<p class=\"MsoNormal\"><span lang=\"en\" xml_lang=\"en\">Garda la sol<\/span><\/p>\n<\/p>\n<\/td>\n<td style=\"border:dashed #BBBBBB 1pt;padding:0.75pt 0.75pt 0.75pt 0.75pt;\">\n<p class=\"MsoNormal\"><span lang=\"en\" xml_lang=\"en\">29cm,<\/span><\/p>\n<\/p>\n<\/td>\n<\/tr>\n<tr>\n<td style=\"border:dashed #BBBBBB 1pt;padding:0.75pt 0.75pt 0.75pt 0.75pt;\">\n<p class=\"MsoNormal\"><span lang=\"en\" xml_lang=\"en\">Echipament suplimentar<\/span><\/p>\n<\/p>\n<\/td>\n<td style=\"border:dashed #BBBBBB 1pt;padding:0.75pt 0.75pt 0.75pt 0.75pt;\"><\/td>\n<\/tr>\n<tr>\n<td style=\"border:dashed #BBBBBB 1pt;padding:0.75pt 0.75pt 0.75pt 0.75pt;\">\n<p class=\"MsoNormal\"><span lang=\"en\" xml_lang=\"en\">Instructions + Mounting Kit<\/span><\/p>\n<\/p>\n<\/td>\n<td style=\"border:none;padding:0.75pt 0.75pt 0.75pt 0.75pt;\"><\/td>\n<\/tr>\n<\/tbody>\n<\/table>\n<p>____________<\/p>\n<p>RMZb2b | ID: 16753 | Simbol: PA.HP116E.ZIE | EAN: 5903864984187<\/p>\n<p>Size: 104x70x40<br \/>\nWeight: 35.000000<\/p>\n","protected":false},"excerpt":{"rendered":"<p>Specification PIT BIKE motorbike Specification solid, durable powder-coated frame reinforced rear swingarm high quality flexible plastics nameplate battery charge indicator speed control to choose from, secured with a key torque adjustment selectable secured with key Cyanobacteria 1000W Battery 36V10.4Ah lithium Tires inflatable tires with a thick tread front : 2.75-12 back : 3-10 Braking system<\/p>\n","protected":false},"featured_media":193023,"comment_status":"closed","ping_status":"open","template":"","meta":{"give_campaign_id":0,"_surecart_dashboard_logo_width":"180px","_surecart_dashboard_show_logo":true,"_surecart_dashboard_navigation_orders":true,"_surecart_dashboard_navigation_invoices":true,"_surecart_dashboard_navigation_subscriptions":true,"_surecart_dashboard_navigation_downloads":true,"_surecart_dashboard_navigation_billing":true,"_surecart_dashboard_navigation_account":true,"site-sidebar-layout":"default","site-content-layout":"plain-container","ast-site-content-layout":"full-width-container","site-content-style":"default","site-sidebar-style":"default","ast-global-header-display":"","ast-banner-title-visibility":"","ast-main-header-display":"","ast-hfb-above-header-display":"","ast-hfb-below-header-display":"","ast-hfb-mobile-header-display":"","site-post-title":"","ast-breadcrumbs-content":"","ast-featured-img":"","footer-sml-layout":"","ast-disable-related-posts":"","theme-transparent-header-meta":"default","adv-header-id-meta":"","stick-header-meta":"default","header-above-stick-meta":"","header-main-stick-meta":"","header-below-stick-meta":"","astra-migrate-meta-layouts":"default","ast-page-background-enabled":"default","ast-page-background-meta":{"desktop":{"background-color":"","background-image":"","background-repeat":"repeat","background-position":"center center","background-size":"auto","background-attachment":"scroll","background-type":"","background-media":"","overlay-type":"","overlay-color":"","overlay-opacity":"","overlay-gradient":""},"tablet":{"background-color":"","background-image":"","background-repeat":"repeat","background-position":"center center","background-size":"auto","background-attachment":"scroll","background-type":"","background-media":"","overlay-type":"","overlay-color":"","overlay-opacity":"","overlay-gradient":""},"mobile":{"background-color":"","background-image":"","background-repeat":"repeat","background-position":"center center","background-size":"auto","background-attachment":"scroll","background-type":"","background-media":"","overlay-type":"","overlay-color":"","overlay-opacity":"","overlay-gradient":""}},"ast-content-background-meta":{"desktop":{"background-color":"var(--ast-global-color-5)","background-image":"","background-repeat":"repeat","background-position":"center center","background-size":"auto","background-attachment":"scroll","background-type":"","background-media":"","overlay-type":"","overlay-color":"","overlay-opacity":"","overlay-gradient":""},"tablet":{"background-color":"var(--ast-global-color-5)","background-image":"","background-repeat":"repeat","background-position":"center center","background-size":"auto","background-attachment":"scroll","background-type":"","background-media":"","overlay-type":"","overlay-color":"","overlay-opacity":"","overlay-gradient":""},"mobile":{"background-color":"var(--ast-global-color-5)","background-image":"","background-repeat":"repeat","background-position":"center center","background-size":"auto","background-attachment":"scroll","background-type":"","background-media":"","overlay-type":"","overlay-color":"","overlay-opacity":"","overlay-gradient":""}}},"product_brand":[821],"product_cat":[15],"product_tag":[],"class_list":{"0":"post-195148","1":"product","2":"type-product","3":"status-publish","4":"has-post-thumbnail","6":"product_brand-altele","7":"product_cat-uncategorized","8":"desktop-align-left","9":"tablet-align-left","10":"mobile-align-left","11":"ast-product-gallery-layout-horizontal-slider","12":"ast-product-gallery-with-no-image","13":"ast-product-tabs-layout-accordion","14":"ast-qv-on-image","16":"first","17":"instock","18":"purchasable","19":"product-type-simple"},"acf":[],"_links":{"self":[{"href":"https:\/\/casutajucariilor.ro\/en\/wp-json\/wp\/v2\/product\/195148","targetHints":{"allow":["GET"]}}],"collection":[{"href":"https:\/\/casutajucariilor.ro\/en\/wp-json\/wp\/v2\/product"}],"about":[{"href":"https:\/\/casutajucariilor.ro\/en\/wp-json\/wp\/v2\/types\/product"}],"replies":[{"embeddable":true,"href":"https:\/\/casutajucariilor.ro\/en\/wp-json\/wp\/v2\/comments?post=195148"}],"version-history":[{"count":0,"href":"https:\/\/casutajucariilor.ro\/en\/wp-json\/wp\/v2\/product\/195148\/revisions"}],"wp:featuredmedia":[{"embeddable":true,"href":"https:\/\/casutajucariilor.ro\/en\/wp-json\/wp\/v2\/media\/193023"}],"wp:attachment":[{"href":"https:\/\/casutajucariilor.ro\/en\/wp-json\/wp\/v2\/media?parent=195148"}],"wp:term":[{"taxonomy":"product_brand","embeddable":true,"href":"https:\/\/casutajucariilor.ro\/en\/wp-json\/wp\/v2\/product_brand?post=195148"},{"taxonomy":"product_cat","embeddable":true,"href":"https:\/\/casutajucariilor.ro\/en\/wp-json\/wp\/v2\/product_cat?post=195148"},{"taxonomy":"product_tag","embeddable":true,"href":"https:\/\/casutajucariilor.ro\/en\/wp-json\/wp\/v2\/product_tag?post=195148"}],"curies":[{"name":"wp","href":"https:\/\/api.w.org\/{rel}","templated":true}]}}